{"id":14,"date":"2019-04-16T10:07:32","date_gmt":"2019-04-16T10:07:32","guid":{"rendered":"http:\/\/blog.klobas.de\/?page_id=14"},"modified":"2019-04-16T10:07:32","modified_gmt":"2019-04-16T10:07:32","slug":"datenschutzerklaerung","status":"publish","type":"page","link":"http:\/\/blog.klobas.de\/?page_id=14","title":{"rendered":"Datenschutzerkl\u00e4rung"},"content":{"rendered":"\n<p>Diese Datenschutzerkl\u00e4rung (Privacy Policy) gilt f\u00fcr die Websites des Tierschutzverein Horb e.V.<\/p>\n\n\n\n<p>Die geltenden \nDatenschutzvorschriften, insbesondere die Datenschutz-Grundverordnung \n(DSGVO) sowie das Bundesdatenschutzgesetz, verpflichten uns zum \nordnungsgem\u00e4\u00dfen und zweckgebundenen Umgang mit Daten der Nutzer unseres \nAngebotes. Ihre Daten d\u00fcrfen ausschlie\u00dflich zu den angegebenen Zwecken \nverwendet werden. Wir m\u00f6chten Sie nachfolgend dar\u00fcber informieren, \nwelche Daten wir erheben und wie die Daten im Einzelnen verarbeitet oder\n genutzt werden.<\/p>\n\n\n\n<p>Teil 1: Datenschutzinformation \u00fcber die Datenverarbeitung nach Artikel 13, 14 und 21 der Datenschutz-Grundverordnung (DSGVO)<\/p>\n\n\n\n<p>Teil 2: Datenschutzerkl\u00e4rung f\u00fcr unsere Website<\/p>\n\n\n\n<hr class=\"wp-block-separator\"\/>\n\n\n\n<h2 class=\"wp-block-heading\">Teil 1: Datenschutzinformation \u00fcber die Datenverarbeitung nach Artikel 13, 14 und 21 der Datenschutz-Grundverordnung (DGSVO<\/h2>\n\n\n\n<p>1. F\u00fcr die Datenverarbeitung verantwortliche Stelle und Kontaktdaten<\/p>\n\n\n\n<p>Verantwortliche Stelle im Sinne des Datenschutzrechts:<\/p>\n\n\n\n<p>Tierschutzverein Horb e. V.<\/p>\n\n\n\n<p>Postfach 1122<\/p>\n\n\n\n<p>72160 Horb am Neckar<\/p>\n\n\n\n<p>Telefon: 07457 7647<\/p>\n\n\n\n<p>F\u00fcr Fragen oder \nauch Anregungen zum Datenschutz generell und zu unserer \nDatenschutzerkl\u00e4rung wenden Sie sich bitte an uns. Auf Antrag \ninformieren wir Sie \u00fcber die zu Ihrer Person gespeicherten Daten. Wenden\n Sie sich dazu bitte an:<\/p>\n\n\n\n<p>\n <a href=\"mailto:vorstand@tierschutzverein-horb.de\">vorstand@tierschutzverein-horb.de<\/a><\/p>\n\n\n\n<p>2. Zwecke und Rechtsgrundlage, auf der wir Ihre Daten verarbeiten<\/p>\n\n\n\n<p>Erhebung, Speicherung und Verwendung von Daten<\/p>\n\n\n\n<p>Wir verarbeiten \npersonenbezogene Daten im Einklang mit den Bestimmungen der \nDatenschutz-Grundverordnung (DSGVO), dem Bundesdatenschutzgesetz (BDSG) \nsowie anderen anwendbaren Datenschutzvorschriften. Wir verarbeiten Ihre \nDaten zur Durchf\u00fchrung des von Ihnen beauftragten \nSpenden-\/Mitgliedeinzuges, zur Pflege der laufenden F\u00f6rderbeziehung und \num Ihnen Informationen \u00fcber unsere aktuellen Kampagnen zuzusenden, falls\n Sie das ausdr\u00fccklich w\u00fcnschen. An das mit dem Bankeinzug beauftragte \nKreditinstitut \u00fcbermitteln wir Daten nur, soweit es f\u00fcr die Durchf\u00fchrung\n des Spenden-\/Mitgliedeinzuges erforderlich ist.<\/p>\n\n\n\n<p>Welche Daten im \nEinzelnen verarbeitet und in welcher Weise genutzt werden, richtet sich \nma\u00dfgeblich nach den jeweils beantragten bzw. vereinbarten \nDienstleistungen. Weitere Einzelheiten oder Erg\u00e4nzungen zu den Zwecken \nder Datenverarbeitung k\u00f6nnen Sie den jeweiligen Vertragsunterlagen, \nFormularen, einer Einwilligungserkl\u00e4rung und\/oder anderen Ihnen \nbereitgestellten Informationen entnehmen.<\/p>\n\n\n\n<p>2.1 Zwecke zur Erf\u00fcllung eines Vertrages oder von vorvertraglichen Ma\u00dfnahmen (Art. 6 Abs. 1 b DSGVO)<\/p>\n\n\n\n<p>Die Verarbeitung \npersonenbezogener Daten erfolgt zur Durchf\u00fchrung unserer Vertr\u00e4ge mit \nIhnen und der Ausf\u00fchrung Ihrer Auftr\u00e4ge, Verwaltung von Spenden und \nAusstellen von Spendenquittungen sowie zur Durchf\u00fchrung von Ma\u00dfnahmen \nund T\u00e4tigkeiten im Rahmen vorvertraglicher Beziehungen, z. B. mit \nInteressenten. Insbesondere dient die Verarbeitung damit der Erbringung \nvon Leistungen entsprechend Ihren Auftr\u00e4gen und W\u00fcnschen und umfasst die\n hierf\u00fcr notwendigen Dienstleistungen, Ma\u00dfnahmen und T\u00e4tigkeiten.<\/p>\n\n\n\n<p>2.2 Zwecke im Rahmen eines berechtigten Interesses von uns oder Dritten (Art. 6 Abs. 1 f DSGVO)<\/p>\n\n\n\n<p>Dar\u00fcber hinaus \nverarbeiten wir Ihre Daten gegebenenfalls, wenn es erforderlich ist, um \nberechtigte Interessen von uns oder Dritten zu wahren, insbesondere f\u00fcr \nZwecke:<\/p>\n\n\n\n<ul><li>Aufnahmeantr\u00e4ge von Mitgliedern,<\/li><li>Patenschaften,<\/li><li>Zuschussantr\u00e4ge,<\/li><li>Bescheide f\u00fcr das Finanzamt,<\/li><li>Satzungen,<\/li><li>Protokolle von Mitgliederversammlungen,<\/li><li>Protokolle von Vorstandssitzungen<\/li><\/ul>\n\n\n\n<ul><li>der Geltendmachung rechtlicher Anspr\u00fcche und Verteidigung bei \nrechtlichen Streitigkeiten, die nicht unmittelbar dem Vertragsverh\u00e4ltnis\n zuzuordnen sind<\/li><li>der eingeschr\u00e4nkten Speicherung der Daten, wenn eine L\u00f6schung wegen \nder besonderen Art der Speicherung nicht oder nur mit unverh\u00e4ltnism\u00e4\u00dfig \nhohem Aufwand m\u00f6glich ist<\/li><li>der Verhinderung und Aufkl\u00e4rung von Straftaten, soweit nicht ausschlie\u00dflich zur Erf\u00fcllung gesetzlicher Vorgaben<\/li><\/ul>\n\n\n\n<p>2.3 Zwecke im Rahmen Ihrer Einwilligung (Art. 6 Abs. 1 a DSGVO)<\/p>\n\n\n\n<p>Eine Verarbeitung \nIhrer personenbezogenen Daten f\u00fcr bestimmte Zwecke (z. B. Nutzung Ihrer \nE-Mail-Adresse zum Erhalt des Newsletters) kann auch aufgrund Ihrer \nEinwilligung erfolgen. In der Regel k\u00f6nnen Sie diese jederzeit \nwiderrufen. Grunds\u00e4tzlich gilt, dass der Widerruf einer Einwilligung \nerst f\u00fcr die Zukunft wirkt. Verarbeitungen, die vor dem Widerruf erfolgt\n sind, sind davon nicht betroffen und bleiben rechtm\u00e4\u00dfig.<\/p>\n\n\n\n<p>2.4 Zwecke zur Erf\u00fcllung gesetzlicher Vorgaben (Art. 6 Abs. 1 c DSGVO) oder im \u00f6ffentlichen Interesse (Art. 6 Abs. 1 e DSGVO)<\/p>\n\n\n\n<p>Wie jeder, der sich\n am Wirtschaftsgeschehen beteiligt, unterliegen auch wir einer Vielzahl \nvon rechtlichen Verpflichtungen. Prim\u00e4r sind dies gesetzliche \nAnforderungen (z. B. Betriebsverfassungsgesetz, Sozialgesetzbuch, \nHandels- und Steuergesetze, Allgemeines Geleichbehandlungsgesetz, \nB\u00fcrgerliches Gesetzbuch, Abgabenordnung), aber auch gegebenenfalls \naufsichtsrechtliche oder andere beh\u00f6rdliche Vorgaben (z. B. \nBerufsgenossenschaft). Zu den Zwecken der Verarbeitung geh\u00f6ren die \nIdentit\u00e4ts- und Alterspr\u00fcfung, Betrugs- und Geldw\u00e4schepr\u00e4vention und \nverm\u00f6gensgef\u00e4hrdender Straftaten, die Erf\u00fcllung steuerrechtlicher \nKontroll- und Meldepflichten sowie die Archivierung von Daten zu Zwecken\n des Datenschutzes und der Datensicherheit sowie der Pr\u00fcfung durch \nSteuer- und andere Beh\u00f6rden. Dar\u00fcber hinaus kann die Offenlegung \npersonenbezogener Daten im Rahmen von beh\u00f6rdlichen\/gerichtlichen \nMa\u00dfnahmen zu Zwecken der Beweiserhebung, Strafverfolgung oder \nDurchsetzung zivilrechtlicher Anspr\u00fcche erforderlich werden.<\/p>\n\n\n\n<p>2.5 Die von uns verarbeiteten Datenkategorien, soweit wir Daten nicht unmittelbar von Ihnen erhalten, und deren Herkunft<\/p>\n\n\n\n<p>Wir verarbeiten \npersonenbezogene Daten bei der Untersuchung von Beschwerden betreffend \nder Tierhaltung. Diese Beschwerden werden von Privatpersonen Unternehmen\n Vereinen oder \u00f6ffentlichen Institutionen bei uns \u00fcber das \nTierschutztelefon, Email oder Facebook eingereicht.<\/p>\n\n\n\n<p>2.6 Empf\u00e4nger oder Kategorien von Empf\u00e4ngern Ihrer Daten<\/p>\n\n\n\n<p>Innerhalb unseres \nVereins erhalten diejenigen Mitarbeiter\/Mitglieder Ihre Daten, die diese\n zur Erf\u00fcllung unserer vertraglichen und gesetzlichen Pflichten oder im \nRahmen der Bearbeitung und Umsetzung unseres berechtigten Interesses \nben\u00f6tigen. Eine Weitergabe Ihrer Daten an externe Stellen erfolgt \nausschlie\u00dflich wenn Sie uns eine Einwilligung zur \u00dcbermittlung an Dritte\n gegeben haben,aufgrund unseres berechtigten Interesses oder des \nberechtigten Interesses des Dritten f\u00fcr im Rahmen der unter Ziffer 2.2 \ngenannten Zwecke (z. B. an Beh\u00f6rden, Auskunfteien, Inkasso, \nRechtsanw\u00e4lte, Gerichte, Gutachter, konzernangeh\u00f6rige Unternehmen, \nLandesverb\u00e4nde oder den Deutschen Tierschutzbund) zu Zwecken der \nErf\u00fcllung gesetzlicher Vorgaben, nach denen wir zur Auskunft, Meldung \noder Weitergabe von Daten verpflichtet sind oder die Datenweitergabe im \n\u00f6ffentlichen Interesse liegt (vgl. Ziffer 2.4) und soweit externe \nDienstleistungsunternehmen Daten in unserem Auftrag als \nAuftragsverarbeiter oder Funktions\u00fcbernehmer verarbeiten.<\/p>\n\n\n\n<p>Soweit wir \nDienstleister im Rahmen einer Auftragsverarbeitung beauftragen, \nunterliegen Ihre Daten dort den gleichen Sicherheitsstandards wie bei \nuns. In den \u00fcbrigen F\u00e4llen d\u00fcrfen die Empf\u00e4nger die Daten nur f\u00fcr die \nZwecke nutzen, f\u00fcr die sie Ihnen \u00fcbermittelt wurden<\/p>\n\n\n\n<p>Wir werden Ihre Daten dar\u00fcber hinaus nicht an unbefugte Dritte weitergeben.<\/p>\n\n\n\n<p>Dauer der Speicherung Ihrer Daten<\/p>\n\n\n\n<p>Wir verarbeiten und\n speichern Ihre Daten f\u00fcr die Dauer unserer Gesch\u00e4ftsbeziehung. Das \nschlie\u00dft auch die Anbahnung eines Vertrages (vorvertragliches \nRechtsverh\u00e4ltnis) und die Abwicklung eines Vertrages mit ein.<\/p>\n\n\n\n<p>Dar\u00fcber hinaus \nunterliegen wir verschiedenen Aufbewahrungs- und \nDokumentationspflichten. Die vorgegebenen Fristen zur Aufbewahrung bzw. \nDokumentation betragen in der Regel zehn Jahre \u00fcber das Ende der \nGesch\u00e4ftsbeziehung bzw. des vorvertraglichen Rechtsverh\u00e4ltnisses hinaus.\n Soweit Tiere betroffen sind gehen wir von einem enden der Beziehungen \nerst mit dem Tod des Tieres aus.<\/p>\n\n\n\n<p>Sind die Daten f\u00fcr \ndie Erf\u00fcllung vertraglicher oder gesetzlicher Pflichten und Rechte nicht\n mehr erforderlich, werden diese regelm\u00e4\u00dfig gel\u00f6scht, es sei denn, deren\n \u2013 befristete \u2013 Weiterverarbeitung ist zur Erf\u00fcllung der unter Ziffer \n2.2 aufgef\u00fchrten Zwecke aus einem \u00fcberwiegenden berechtigten Interesse \nerforderlich.<\/p>\n\n\n\n<p>Verarbeitung Ihrer Daten in einem Drittland oder durch eine internationale Organisation<\/p>\n\n\n\n<p>Eine \nDaten\u00fcbermittlung an Stellen in Staaten au\u00dferhalb der Europ\u00e4ischen Union\n bzw. des Europ\u00e4ischen Wirtschaftsraums ist derzeit nicht angedacht.<\/p>\n\n\n\n<p>Ihre Datenschutzrechte<\/p>\n\n\n\n<p>Unter bestimmten Voraussetzungen k\u00f6nnen Sie uns gegen\u00fcber Ihre Datenschutzrechte geltend machen<\/p>\n\n\n\n<p>So haben Sie das \nRecht, von uns Auskunft \u00fcber Ihre bei uns gespeicherten Daten nach den \nRegeln von Art. 15 DSGVO (ggf. mit Einschr\u00e4nkungen nach \u00a7 34 BDSG) zu \nerhalten. Auch haben Sie das Recht, Ihre Daten unter den Voraussetzungen\n von Art. 20 DSGVO in einem strukturierten, g\u00e4ngigen und \nmaschinenlesbaren Format zu erhalten oder sie einem Dritten zu \n\u00fcbermitteln.<\/p>\n\n\n\n<p>Auf Ihren Antrag \nhin werden wir die \u00fcber Sie gespeicherten Daten nach Art. 16 DSGVO \nberichtigen, wenn diese unzutreffend oder fehlerhaft sind.<\/p>\n\n\n\n<p>Dar\u00fcber hinaus \nhaben Sie das Recht, eine erteilte Einwilligung in die Verarbeitung \npersonenbezogener Daten jederzeit uns gegen\u00fcber mit Wirkung f\u00fcr die \nZukunft zu widerrufen (vgl. Ziffer 2.3).<\/p>\n\n\n\n<p>Wenn Sie es \nw\u00fcnschen, werden wir Ihre Daten nach den Grunds\u00e4tzen von Art. 17 DSGVO \nl\u00f6schen, sofern andere gesetzliche Regelungen (z. B. gesetzliche \nAufbewahrungspflichten oder die Einschr\u00e4nkungen nach \u00a7 35 BDSG) oder ein\n \u00fcberwiegendes Interesse unsererseits (z. B. zur Verteidigung unserer \nRechte und Anspr\u00fcche) dem nicht entgegenstehen. Unter Ber\u00fccksichtigung \nder Voraussetzungen des Art. 18 DSGVO k\u00f6nnen Sie von uns verlangen, die \nVerarbeitung Ihrer Daten einzuschr\u00e4nken. Ferner k\u00f6nnen Sie gegen die \nVerarbeitung Ihrer Daten Widerspruchnach Art. 21 DSGVO einlegen, \naufgrund dessen wir die Verarbeitung Ihrer Daten beenden m\u00fcssen. Dieses \nWiderspruchsrecht gilt allerdings nur bei Vorliegen ganz besonderer \nUmst\u00e4nde Ihrer pers\u00f6nlichen Situation, wobei Rechte unseres Hauses Ihrem\n Widerspruchsrecht gegebenenfalls entgegenstehen k\u00f6nnen.<\/p>\n\n\n\n<p>Ferner steht Ihnen \nein Beschwerderecht bei einer Datenschutzaufsichtsbeh\u00f6rde zu (Art. 77 \nDSGVO). Wir empfehlen allerdings, eine Beschwerde zun\u00e4chst immer an die \noben genannte Anschrift zu richten.<\/p>\n\n\n\n<p>Ihre Antr\u00e4ge \u00fcber \ndie Aus\u00fcbung ihrer Rechte sollten nach M\u00f6glichkeit schriftlich an die \noben angegebene Anschrift adressiert werden.<\/p>\n\n\n\n<p>Information \u00fcber Ihr Widerspruchsrecht Art. 21 DSGVO<\/p>\n\n\n\n<p>Sie haben das \nRecht, jederzeit gegen die Verarbeitung Ihrer Daten, die aufgrund von \nArt. 6 Abs. 1 f DSGVO (Datenverarbeitung auf der Grundlage einer \nInteressenabw\u00e4gung) oder Art. 6 Abs. 1 e DSGVO (Datenverarbeitung im \n\u00f6ffentlichen Interesse) erfolgt, Widerspruch einzulegen, wenn daf\u00fcr \nGr\u00fcnde vorliegen, die sich aus Ihrer besonderen Situation ergeben. Legen\n Sie Widerspruch ein, werden wir Ihre personenbezogenen Daten aus den \ngenannten Gr\u00fcnden nicht mehr verarbeiten, es sei denn, wir k\u00f6nnen \nzwingende schutzw\u00fcrdige Gr\u00fcnde f\u00fcr die Verarbeitung nachweisen, die Ihre\n Interessen, Rechte und Freiheiten \u00fcberwiegen, oder die Verarbeitung \ndient der Geltendmachung, Aus\u00fcbung oder Verteidigung von \nRechtsanspr\u00fcchen. Der Widerspruch kann schriftlich erfolgen und sollte \nm\u00f6glichst gerichtet werden an: Tierschutzverein Horb e. V., Postfach \n1122, 72160 Horb am Neckar, E-Mail: \n <a href=\"mailto:vorstand@tierschutzverein-horb.de\">vorstand@tierschutzverein-horb.de<\/a><\/p>\n\n\n\n<p>Unsere \nDatenschutzerkl\u00e4rung sowie die Information zum Datenschutz \u00fcber unsere \nDatenverarbeitung nach Artikel (Art.) 13, 14 und 21 DSGVO kann sich von \nZeit zu Zeit \u00e4ndern. Alle \u00c4nderungen werden wir auf dieser Seite \nver\u00f6ffentlichen. \u00c4ltere Versionen stellen wir Ihnen zur Einsicht in \neinem Archiv bereit.<\/p>\n\n\n\n<p>Stand: 26. Mai 2018<\/p>\n\n\n\n<h2 class=\"wp-block-heading\">Teil 2: Datenschutzerkl\u00e4rung f\u00fcr unsere Website<\/h2>\n\n\n\n<p>Allgemeiner Hinweis<\/p>\n\n\n\n<p>\u00dcber Formulare und \nSuchmaschinen sowie in Protokolldateien werden bei der Nutzung von \nInternetangeboten Daten erhoben. Dabei werden von uns keine \npersonenbezogenen Daten gespeichert. Wir k\u00f6nnen also nicht \nnachvollziehen, welcher Nutzer welche Daten abgerufen hat.<\/p>\n\n\n\n<p>Verwendung von Cookies<\/p>\n\n\n\n<p>Browser-Cookies \nsind automatisierte Textinformationen, die ein Webserver zu einem \nBrowser sendet. Der Client sendet die Informationen in der Regel bei \nsp\u00e4teren Zugriffen an denselben Webserver. Cookies werden entweder zur \nVerbindungssteuerung w\u00e4hrend einer Sitzung oder zum Wiedererkennen \nmehrfacher Nutzung eines Angebots durch denselben Nutzer eingesetzt. Im \nersten Fall werden sie sofort nach Beendigung der Sitzung gel\u00f6scht. Im \nanderen Fall bleiben sie auf Ihrem Computer gespeichert.<\/p>\n\n\n\n<p>Unser Server \nspeichert sitzungsbezogene Cookies zur komfortablen Bearbeitung Ihrer \nAnfrage. Sie enthalten keinerlei personenbezogene Daten und verlieren \nihre Bedeutung mit dem Verlassen unserer Web-Site. Lokal auf Ihrer \nFestplatte abgelegte Cookies k\u00f6nnen anschlie\u00dfend \u00fcber die Funktion ihres\n Webbrowsers gel\u00f6scht werden. Die Annahme eines Cookies k\u00f6nnen Sie, wie \nin der Bedienungsanleitung Ihres Browsers beschrieben, ablehnen. Einige \nFunktionen auf der Website erfordern allerdings Cookies und k\u00f6nnten \ndaher nicht mehr funktionieren.<\/p>\n\n\n\n<p>Verweise und Links<\/p>\n\n\n\n<p>Der \nTierschutzverein Horb e.V. erkl\u00e4rt hiermit ausdr\u00fccklich, dass zum \nZeitpunkt der Linksetzung keine illegalen Inhalte auf den zu \nverlinkenden Seiten erkennbar waren. Auf die aktuelle und zuk\u00fcnftige \nGestaltung, die Inhalte oder die Urheberschaft der \nverlinkten\/verkn\u00fcpften Seiten hat der Tierschutzverein Horb e.V. \nkeinerlei Einfluss. Deshalb distanziert er sich hiermit ausdr\u00fccklich von\n allen Inhalten aller verlinkten\/verkn\u00fcpften Seiten, die nach der \nLinksetzung ver\u00e4ndert wurden.<\/p>\n\n\n\n<p>Diese Feststellung \ngilt f\u00fcr alle innerhalb des eigenen Internetangebotes gesetzten Links \nund Verweise. F\u00fcr illegale, fehlerhafte oder unvollst\u00e4ndige Inhalte und \ninsbesondere f\u00fcr Sch\u00e4den, die aus der Nutzung oder Nichtnutzung \nsolcherart dargebotener Informationen entstehen, haftet allein der \nAnbieter der Seite, auf welche verwiesen wurde, nicht derjenige, der \n\u00fcber Links auf die jeweilige Ver\u00f6ffentlichung lediglich verweist.<\/p>\n","protected":false},"excerpt":{"rendered":"<p>Diese Datenschutzerkl\u00e4rung (Privacy Policy) gilt f\u00fcr die Websites des Tierschutzverein Horb e.V. Die geltenden Datenschutzvorschriften, insbesondere die Datenschutz-Grundverordnung (DSGVO) sowie das Bundesdatenschutzgesetz, verpflichten uns zum ordnungsgem\u00e4\u00dfen und zweckgebundenen Umgang mit Daten der Nutzer unseres Angebotes. Ihre Daten d\u00fcrfen ausschlie\u00dflich zu den angegebenen Zwecken verwendet werden. Wir m\u00f6chten Sie nachfolgend dar\u00fcber informieren, welche Daten wir erheben &hellip; <\/p>\n<p class=\"link-more\"><a href=\"http:\/\/blog.klobas.de\/?page_id=14\" class=\"more-link\"><span class=\"screen-reader-text\">\u201eDatenschutzerkl\u00e4rung\u201c<\/span> weiterlesen<\/a><\/p>\n","protected":false},"author":1,"featured_media":0,"parent":0,"menu_order":0,"comment_status":"closed","ping_status":"closed","template":"","meta":{"footnotes":""},"_links":{"self":[{"href":"http:\/\/blog.klobas.de\/index.php?rest_route=\/wp\/v2\/pages\/14"}],"collection":[{"href":"http:\/\/blog.klobas.de\/index.php?rest_route=\/wp\/v2\/pages"}],"about":[{"href":"http:\/\/blog.klobas.de\/index.php?rest_route=\/wp\/v2\/types\/page"}],"author":[{"embeddable":true,"href":"http:\/\/blog.klobas.de\/index.php?rest_route=\/wp\/v2\/users\/1"}],"replies":[{"embeddable":true,"href":"http:\/\/blog.klobas.de\/index.php?rest_route=%2Fwp%2Fv2%2Fcomments&post=14"}],"version-history":[{"count":1,"href":"http:\/\/blog.klobas.de\/index.php?rest_route=\/wp\/v2\/pages\/14\/revisions"}],"predecessor-version":[{"id":15,"href":"http:\/\/blog.klobas.de\/index.php?rest_route=\/wp\/v2\/pages\/14\/revisions\/15"}],"wp:attachment":[{"href":"http:\/\/blog.klobas.de\/index.php?rest_route=%2Fwp%2Fv2%2Fmedia&parent=14"}],"curies":[{"name":"wp","href":"https:\/\/api.w.org\/{rel}","templated":true}]}}