{"id":145,"date":"2019-05-05T18:47:10","date_gmt":"2019-05-05T18:47:10","guid":{"rendered":"http:\/\/blog.klobas.de\/?page_id=145"},"modified":"2019-05-05T18:47:10","modified_gmt":"2019-05-05T18:47:10","slug":"impressum","status":"publish","type":"page","link":"http:\/\/blog.klobas.de\/?page_id=145","title":{"rendered":"Impressum"},"content":{"rendered":"\n<p>Bei allen Seiten unter&nbsp;<a href=\"http:\/\/www.tierschutzverein-horb.de\/\">http:\/\/www.tierschutzverein-horb.de\/<\/a>&nbsp;handelt es sich um eine nichtkommerzielle Seite. Verantwortlich f\u00fcr den Inhalt der Seite:<br><br>Vorstand: Beatrice Buchmann <br><br>Erreichbar per e-mail:&nbsp;\n <a href=\"mailto:vorstand@tierschutzverein-Horb.de\">Vorstand<\/a><\/p>\n\n\n\n<p>\n <a href=\"mailto:vorstand@tierschutzverein-Horb.de\">vorstand@tierschutzverein-horb.de<\/a><\/p>\n\n\n\n<p><br>Ladungsf\u00e4hige Anschrift:&nbsp;<br><br>Bildechinger Steige 38<\/p>\n\n\n\n<p>72160 Horb a.N.<\/p>\n\n\n\n<p>Tierschutztelefon (Anrufbeantworter, der t\u00e4glich abgeh\u00f6rt wird): 07451 \/ 7647<\/p>\n\n\n\n<p>&nbsp;<br>Registergericht:&nbsp;&nbsp;&nbsp;&nbsp;&nbsp; Amstgericht Stuttgart, Registergericht<\/p>\n\n\n\n<p><br>Registernummer:&nbsp;&nbsp; VR440140<\/p>\n\n\n\n<p><br><br>Nat\u00fcrlich sind wir bem\u00fcht, alle Informationen sorgf\u00e4ltig \nzusammenzustellen und soweit es uns m\u00f6glich ist, auch auf Aktualit\u00e4t zu \n\u00fcberpr\u00fcfen. Wir m\u00f6chten aber ausdr\u00fccklich betonen, dass wir keine wie \nauch immer geartete Haftung f\u00fcr materiellen oder immateriellen Schaden \naufgrund von Fehlerhaftigkeit oder Unvollst\u00e4ndigkeit von den auf unseren\n Seiten zur Verf\u00fcgung gestellten Informationen \u00fcbernehmen.<br><br><br>Das\n LG Hamburg hat mit Urteil vom 12. Mai 1998 entschieden, dass man die \nInhalte einer Seite, die man verlinkt hat, ggf. mit zu verantworten hat.\n Dieses k\u00f6nne nur dadurch verhindert werden, dass man sich ausdr\u00fccklich \nvon diesen Inhalten distanziert.<br><br>F\u00fcr alle Links auf den Websites \nder domain www.tierschutzverein-horb.de gilt daher: Der Verantwortliche \nf\u00fcr diese Seiten, der Vorstand, hat keinerlei Einfluss auf die \nGestaltung und den Inhalt der verlinkten Seiten. Hiermit distanzieren \nwir uns ausdr\u00fccklich von allen Inhalten aller auf unserer Website \ngelinkten Fremd-Seiten und machen uns deren Inhalte nicht zu Eigen. F\u00fcr \nden Inhalt der verlinkten Seiten sind ausschlie\u00dflich deren Betreiber \nverantwortlich.<br><br>(Ist eine der vorstehenden Klauseln\/Bestimmungen \naufgrund gesetzlicher Bestimmungen, Vorschriften oder Gesetzes\u00e4nderungen\n ganz oder teilweise unwirksam, so tritt an Stelle dieser Bestimmung \ndiejenige in Kraft, die der angestrebten Absicht der Klausel\/Bestimmung \nam n\u00e4chsten kommt.)<\/p>\n","protected":false},"excerpt":{"rendered":"<p>Bei allen Seiten unter&nbsp;http:\/\/www.tierschutzverein-horb.de\/&nbsp;handelt es sich um eine nichtkommerzielle Seite. Verantwortlich f\u00fcr den Inhalt der Seite: Vorstand: Beatrice Buchmann Erreichbar per e-mail:&nbsp; Vorstand vorstand@tierschutzverein-horb.de Ladungsf\u00e4hige Anschrift:&nbsp; Bildechinger Steige 38 72160 Horb a.N. Tierschutztelefon (Anrufbeantworter, der t\u00e4glich abgeh\u00f6rt wird): 07451 \/ 7647 &nbsp;Registergericht:&nbsp;&nbsp;&nbsp;&nbsp;&nbsp; Amstgericht Stuttgart, Registergericht Registernummer:&nbsp;&nbsp; VR440140 Nat\u00fcrlich sind wir bem\u00fcht, alle Informationen sorgf\u00e4ltig zusammenzustellen &hellip; <\/p>\n<p class=\"link-more\"><a href=\"http:\/\/blog.klobas.de\/?page_id=145\" class=\"more-link\"><span class=\"screen-reader-text\">\u201eImpressum\u201c<\/span> weiterlesen<\/a><\/p>\n","protected":false},"author":1,"featured_media":0,"parent":0,"menu_order":0,"comment_status":"closed","ping_status":"closed","template":"","meta":{"footnotes":""},"_links":{"self":[{"href":"http:\/\/blog.klobas.de\/index.php?rest_route=\/wp\/v2\/pages\/145"}],"collection":[{"href":"http:\/\/blog.klobas.de\/index.php?rest_route=\/wp\/v2\/pages"}],"about":[{"href":"http:\/\/blog.klobas.de\/index.php?rest_route=\/wp\/v2\/types\/page"}],"author":[{"embeddable":true,"href":"http:\/\/blog.klobas.de\/index.php?rest_route=\/wp\/v2\/users\/1"}],"replies":[{"embeddable":true,"href":"http:\/\/blog.klobas.de\/index.php?rest_route=%2Fwp%2Fv2%2Fcomments&post=145"}],"version-history":[{"count":1,"href":"http:\/\/blog.klobas.de\/index.php?rest_route=\/wp\/v2\/pages\/145\/revisions"}],"predecessor-version":[{"id":146,"href":"http:\/\/blog.klobas.de\/index.php?rest_route=\/wp\/v2\/pages\/145\/revisions\/146"}],"wp:attachment":[{"href":"http:\/\/blog.klobas.de\/index.php?rest_route=%2Fwp%2Fv2%2Fmedia&parent=145"}],"curies":[{"name":"wp","href":"https:\/\/api.w.org\/{rel}","templated":true}]}}