{"id":16,"date":"2019-04-16T10:28:07","date_gmt":"2019-04-16T10:28:07","guid":{"rendered":"http:\/\/blog.klobas.de\/?page_id=16"},"modified":"2022-04-24T17:04:12","modified_gmt":"2022-04-24T17:04:12","slug":"wir-ueber-uns","status":"publish","type":"page","link":"http:\/\/blog.klobas.de\/?page_id=16","title":{"rendered":"Wir \u00fcber uns"},"content":{"rendered":"\n<h1 class=\"wp-block-heading\"><a href=\"http:\/\/tsv3.klobas.de\/index.php\/wir-ueber-uns\/wir-ueber-uns-der-verein\">Wir \u00fcber uns &#8211; der Verein<\/a><\/h1>\n\n\n\n<p>Der Tierschutzverein Horb e.V. wurde im Jahre 1984 gegr\u00fcndet und verfolgt ausschlie\u00dflich gemeinn\u00fctzige Ziele.&nbsp;<br>Alle aktiven Mitglieder sind ehrenamtlich, unentgeltlich und in ihrer Freizeit t\u00e4tig.&nbsp;<\/p>\n\n\n\n<p>Wir sind Mitglied im Landestierschutzverband Baden-W\u00fcrttemberg und im Deutschen Tierschutzbund.<\/p>\n\n\n\n<p><br><br>Wir k\u00fcmmern uns in Horb und Umgebung um:<\/p>\n\n\n\n<ul><li>Versorgung von ausgesetzten, entlaufenen und verletzten Tieren<\/li><li>Minderung des Katzenelends durch tier\u00e4rztliche Behandlungen<\/li><li>Kastrationen von wilden Katzen und gro\u00dfe Kastrationsaktionen in &#8222;Katzennestern&#8220;<\/li><li>Vermittlung von Fund- und Abgabetiere<\/li><li>\u00dcberpr\u00fcfung von Miss-St\u00e4nden in der privaten und kommerziellen Tierhaltung<\/li><li>Weitergabe von Informationen zur Tierhaltung<\/li><\/ul>\n\n\n\n<p><br><br><strong>Der Tierschutzverein Horb e.V. betreibt kein Tierheim.<\/strong><br><br><br>&#8211;&gt;&nbsp;Wir  treffen uns zum Stammtisch am 1. Montag im Monat im &#8222;Steiglehof&#8220; in  Horb, wir w\u00fcrden uns sehr \u00fcber Ihr Kommen freuen!&nbsp;<br><br><br><a href=\"http:\/\/blog.klobas.de\/wp-content\/uploads\/2019\/images\/\/data\/satzung09.pdf\">Satzung des Tierschutzvereins Horb e. V. &#8211; PDF<\/a>&nbsp;<\/p>\n\n\n\n<h2 class=\"wp-block-heading\">Unser Einsatzgebiet:<\/h2>\n\n\n\n<figure class=\"wp-block-table\"><table><tbody><tr><td>Altheim <br>Betra <br>Bildechingen <br>Ahldorf <br>Bittelbronn <br>Dettensee <br>Dettingen <br>Dettlingen <br>Die\u00dfen <br>Dommelsberg <br>Empfingen <br>Eutingen <br>G\u00f6ttelfingen <\/td><td>Gr\u00fcnmettstetten<br>Horb <br>Ihlingen <br>Isenburg <br>M\u00fchlen <br>M\u00fchringen <br>Neckarhausen <br>Nordstetten <br>Obertalheim <br>Rexingen <br>Untertalheim <br>Weitingen <br>Wiesenstetten &nbsp; <\/td><\/tr><\/tbody><\/table><\/figure>\n\n\n\n<figure class=\"wp-block-image\"><img decoding=\"async\" src=\"http:\/\/blog.klobas.de\/wp-content\/uploads\/2019\/images\/\/des2.jpg\" alt=\"\"\/><\/figure>\n","protected":false},"excerpt":{"rendered":"<p>Wir \u00fcber uns &#8211; der Verein Der Tierschutzverein Horb e.V. wurde im Jahre 1984 gegr\u00fcndet und verfolgt ausschlie\u00dflich gemeinn\u00fctzige Ziele.&nbsp;Alle aktiven Mitglieder sind ehrenamtlich, unentgeltlich und in ihrer Freizeit t\u00e4tig.&nbsp; Wir sind Mitglied im Landestierschutzverband Baden-W\u00fcrttemberg und im Deutschen Tierschutzbund. Wir k\u00fcmmern uns in Horb und Umgebung um: Versorgung von ausgesetzten, entlaufenen und verletzten Tieren &hellip; <\/p>\n<p class=\"link-more\"><a href=\"http:\/\/blog.klobas.de\/?page_id=16\" class=\"more-link\"><span class=\"screen-reader-text\">\u201eWir \u00fcber uns\u201c<\/span> weiterlesen<\/a><\/p>\n","protected":false},"author":1,"featured_media":9,"parent":0,"menu_order":0,"comment_status":"closed","ping_status":"closed","template":"","meta":{"footnotes":""},"_links":{"self":[{"href":"http:\/\/blog.klobas.de\/index.php?rest_route=\/wp\/v2\/pages\/16"}],"collection":[{"href":"http:\/\/blog.klobas.de\/index.php?rest_route=\/wp\/v2\/pages"}],"about":[{"href":"http:\/\/blog.klobas.de\/index.php?rest_route=\/wp\/v2\/types\/page"}],"author":[{"embeddable":true,"href":"http:\/\/blog.klobas.de\/index.php?rest_route=\/wp\/v2\/users\/1"}],"replies":[{"embeddable":true,"href":"http:\/\/blog.klobas.de\/index.php?rest_route=%2Fwp%2Fv2%2Fcomments&post=16"}],"version-history":[{"count":4,"href":"http:\/\/blog.klobas.de\/index.php?rest_route=\/wp\/v2\/pages\/16\/revisions"}],"predecessor-version":[{"id":955,"href":"http:\/\/blog.klobas.de\/index.php?rest_route=\/wp\/v2\/pages\/16\/revisions\/955"}],"wp:featuredmedia":[{"embeddable":true,"href":"http:\/\/blog.klobas.de\/index.php?rest_route=\/wp\/v2\/media\/9"}],"wp:attachment":[{"href":"http:\/\/blog.klobas.de\/index.php?rest_route=%2Fwp%2Fv2%2Fmedia&parent=16"}],"curies":[{"name":"wp","href":"https:\/\/api.w.org\/{rel}","templated":true}]}}