{"id":36,"date":"2019-04-16T14:35:09","date_gmt":"2019-04-16T14:35:09","guid":{"rendered":"http:\/\/blog.klobas.de\/?page_id=36"},"modified":"2025-10-16T19:52:07","modified_gmt":"2025-10-16T19:52:07","slug":"was-koennen-sie-tun","status":"publish","type":"page","link":"http:\/\/blog.klobas.de\/?page_id=36","title":{"rendered":"Was k\u00f6nnen Sie tun?"},"content":{"rendered":"\n<h2 class=\"wp-block-heading\">1. Mitglied werden<\/h2>\n\n\n\n<p>Wir freuen uns \u00fcber jedes neues Mitglied, egal ob Sie uns aktiv oder passiv unterst\u00fctzen.&nbsp;<br><br>Sie  k\u00f6nnen gerne bei einem unserer Stammtische am ersten Montag des Monats  im &#8222;Steiglehof&#8220; in Horb ab 20.00 Uhr vorbei kommen, um uns kennen zu  lernen.&nbsp;<br><br>&#8230; Oder Sie k\u00f6nnen sich hier einen Mitgliedsantrag herunterladen: <\/p>\n\n\n\n<div class=\"wp-block-file\"><a href=\"http:\/\/blog.klobas.de\/wp-content\/uploads\/2019\/09\/Mitgliedsantrag_kmpl.pdf\">Mitgliedsantrag (PDF)<\/a><a href=\"http:\/\/blog.klobas.de\/wp-content\/uploads\/2019\/09\/Mitgliedsantrag_kmpl.pdf\" class=\"wp-block-file__button wp-element-button\" download>Herunterladen<\/a><\/div>\n\n\n\n<h2 class=\"wp-block-heading\">2. Patenschaften<\/h2>\n\n\n\n<p>Falls Sie zielgerichtet einem bestimmten Tier oder Tieren an einem  bestimmten Ort helfen wollen, gibt es die M\u00f6glichkeit einer Patenschaft  (bitte schauen Sie hierzu auch in der entsprechenden Rubrik im Men\u00fc):<br><br><a rel=\"noreferrer noopener\" href=\"http:\/\/blog.klobas.de\/wp-content\/uploads\/2019\/images\/\/data\/paten.pdf\" target=\"_blank\">Download Patenschaftsformular (PDF)&nbsp;<\/a>oder&nbsp;<br><a href=\"http:\/\/blog.klobas.de\/wp-content\/uploads\/2019\/images\/\/data\/paten.doc\">Download Patenschaftsformular (Word)<\/a><br><\/p>\n\n\n\n<h2 class=\"wp-block-heading\">3. Geldspenden<\/h2>\n\n\n\n<p>Auch als Nichtmitglied k\u00f6nnen Sie uns mit einer Spende unterst\u00fctzen!&nbsp;<br><br>Der  Tierschutzverein Horb ist vom Finanzamt Freudenstadt als gemeinn\u00fctzig  und besonders f\u00f6rderungsw\u00fcrdig anerkannt &#8211;&nbsp;Mitgliedsbeitr\u00e4ge und Spenden  sind steuerlich absetzbar. Bei einer Spenden ab 50 Euro erhalten Sie  automatisch eine Spendenquittung, bitte geben Sie hierzu Ihre Adresse auf der \u00dcberweisung an (Verwendungszweck).&nbsp;<br><br>Kontonummer: 748 795   BLZ: 642 510 60<br>Kreissparkasse Freudenstadt\/Horb<br><br>IBAN&nbsp; DE06 6425 1060 0000 7487 95<br>BIC&nbsp; SOLADES1FDS<br><br>Alternativ k\u00f6nnen Sie auch bequem via Paypal spenden:<\/p>\n\n\n<form action=\"https:\/\/www.paypal.com\/cgi-bin\/webscr\" method=\"post\" target=\"_top\"><input name=\"cmd\" type=\"hidden\" value=\"_s-xclick\"><input name=\"hosted_button_id\" type=\"hidden\" value=\"5TTEVT8PMT8D8\"><input title=\"PayPal - The safer, easier way to pay online!\" alt=\"Spenden mit dem PayPal-Button\" name=\"submit\" src=\"https:\/\/www.paypalobjects.com\/de_DE\/DE\/i\/btn\/btn_donateCC_LG.gif\" type=\"image\"><br \/><img loading=\"lazy\" decoding=\"async\" src=\"https:\/\/www.paypal.com\/de_DE\/i\/scr\/pixel.gif\" alt=\"\" width=\"1\" height=\"1\" border=\"0\"><\/form>\n\n\n<h2 class=\"wp-block-heading\">4. Sachspenden<\/h2>\n\n\n\n<p>Selbstverst\u00e4ndlich nehmen wir auch Sachspenden (z.B. Tierfutter,  Transportk\u00f6rbe, Katzenm\u00f6bel f\u00fcr die Pflegestelle, etc.) gerne an.<br>Sachspenden  k\u00f6nnen aber auch Dienstleistungen wie z.B. Kopieren oder auch das Ausdrucken  von Plakaten f\u00fcr Infost\u00e4nde und \u00c4hnliches sein.&nbsp;<br><br>Falls Sie uns auf diese Weise unterst\u00fctzen wollen, wenden Sie sich bitte per E-Mail an unseren <a href=\"mailto:vorstand@tierschutzverein-Horb.de\">Vorstand<\/a> oder f\u00fcllen unser Kontaktformular unter der Rubrik &#8222;Kontakt&#8220; aus. <br><br>Au\u00dferdem haben wir eine Amazon-Wunschliste. Dort stellen wir die Dinge ein, die wir dringend bzw. regelm\u00e4\u00dfig ben\u00f6tigen. Einfach den folgenden Link anklicken und den Wunschartiek ausw\u00e4hlen. Die Pakete werden dann automatisch an uns versendet.<br><br><a href=\"https:\/\/www.amazon.de\/hz\/wishlist\/ls\/3PJH9K3DCLKUB\/ref=cm_go_nav_hz\">Amazon-Wunschliste<\/a><br><\/p>\n\n\n\n<h2 class=\"wp-block-heading\">5. Futterspenden<\/h2>\n\n\n\n<p>In Horb haben wir im Dehner Gartencenter, Globus Baumarkt, Kaufland und E-Center Weinle eine Futterspendenbox aufgestellt.\u00a0<br>Dieses Futter bekommen die Streuner-Katzen an unseren Futterpl\u00e4tzen und die Tiere in den Pflegestellen. <br><\/p>\n\n\n\n<h2 class=\"wp-block-heading\">6. Sponsor werden<\/h2>\n\n\n\n<p>Falls Sie ein Unternehmen sind, k\u00f6nnen Sie Sponsor des Tierschutzvereins Horb e. V. werden.&nbsp;<br>Bei  Interesse k\u00f6nnen Sie sich \u00fcber unser Kontaktformular an uns wenden,  dann k\u00f6nnen wir einen Termin f\u00fcr ein pers\u00f6nliches Gespr\u00e4ch vereinbaren. <br><\/p>\n\n\n\n<h2 class=\"wp-block-heading\">7. Diese Homepage verlinken<\/h2>\n\n\n\n<p>Wir w\u00fcrden uns auch freuen, wenn Sie uns helfen, unsere Homepage bekannter zu machen.&nbsp;<br>&nbsp;<\/p>\n","protected":false},"excerpt":{"rendered":"<p>1. Mitglied werden Wir freuen uns \u00fcber jedes neues Mitglied, egal ob Sie uns aktiv oder passiv unterst\u00fctzen.&nbsp; Sie k\u00f6nnen gerne bei einem unserer Stammtische am ersten Montag des Monats im &#8222;Steiglehof&#8220; in Horb ab 20.00 Uhr vorbei kommen, um uns kennen zu lernen.&nbsp; &#8230; Oder Sie k\u00f6nnen sich hier einen Mitgliedsantrag herunterladen: 2. Patenschaften &hellip; <\/p>\n<p class=\"link-more\"><a href=\"http:\/\/blog.klobas.de\/?page_id=36\" class=\"more-link\"><span class=\"screen-reader-text\">\u201eWas k\u00f6nnen Sie tun?\u201c<\/span> weiterlesen<\/a><\/p>\n","protected":false},"author":1,"featured_media":0,"parent":0,"menu_order":0,"comment_status":"closed","ping_status":"closed","template":"","meta":{"footnotes":""},"_links":{"self":[{"href":"http:\/\/blog.klobas.de\/index.php?rest_route=\/wp\/v2\/pages\/36"}],"collection":[{"href":"http:\/\/blog.klobas.de\/index.php?rest_route=\/wp\/v2\/pages"}],"about":[{"href":"http:\/\/blog.klobas.de\/index.php?rest_route=\/wp\/v2\/types\/page"}],"author":[{"embeddable":true,"href":"http:\/\/blog.klobas.de\/index.php?rest_route=\/wp\/v2\/users\/1"}],"replies":[{"embeddable":true,"href":"http:\/\/blog.klobas.de\/index.php?rest_route=%2Fwp%2Fv2%2Fcomments&post=36"}],"version-history":[{"count":12,"href":"http:\/\/blog.klobas.de\/index.php?rest_route=\/wp\/v2\/pages\/36\/revisions"}],"predecessor-version":[{"id":2041,"href":"http:\/\/blog.klobas.de\/index.php?rest_route=\/wp\/v2\/pages\/36\/revisions\/2041"}],"wp:attachment":[{"href":"http:\/\/blog.klobas.de\/index.php?rest_route=%2Fwp%2Fv2%2Fmedia&parent=36"}],"curies":[{"name":"wp","href":"https:\/\/api.w.org\/{rel}","templated":true}]}}