{"id":39,"date":"2019-04-16T14:37:14","date_gmt":"2019-04-16T14:37:14","guid":{"rendered":"http:\/\/blog.klobas.de\/?page_id=39"},"modified":"2019-04-16T14:37:14","modified_gmt":"2019-04-16T14:37:14","slug":"tierpatenschaften","status":"publish","type":"page","link":"http:\/\/blog.klobas.de\/?page_id=39","title":{"rendered":"Tierpatenschaften"},"content":{"rendered":"\n<p>Haben Sie Interesse daran, eine der wild lebenden Katzen, die von uns\n gef\u00fcttert und tier\u00e4rztlich versorgt werden, mit einer Patenschaft \n(monatlich mind. 6,- Euro) zu unterst\u00fctzen?&nbsp;<\/p>\n\n\n\n<figure class=\"wp-block-image\"><img decoding=\"async\" src=\"http:\/\/blog.klobas.de\/wp-content\/uploads\/2019\/images\/\/futterstellen2016.jpg\" alt=\"\"\/><\/figure>\n\n\n\n<figure class=\"wp-block-image\"><img decoding=\"async\" src=\"http:\/\/www.klobas.de\/images\/patenschaften\/streuner.jpg\" alt=\"\"\/><\/figure>\n\n\n\n<p><br><br><br><br><br><a href=\"http:\/\/blog.klobas.de\/wp-content\/uploads\/2019\/images\/\/data\/paten.pdf\">Download Patenschaftsformular (PDF)&nbsp;<\/a>(Hier finden Sie alle wichtigen Hinweise)&nbsp;<br>Sie k\u00f6nnen das Formular ausgef\u00fcllt an die darauf angegebene Adresse schicken.&nbsp;<br><br><br>Immer\n wieder haben wir Katzen, die es besonders schwer haben im Leben und die\n durch eine Krankheit oder einen Unfall hohe Tierarztkosten verursachen.\n Auch f\u00fcr diese Katzen &#8211; die in den Pflegestellen sind &#8211; k\u00f6nnen Sie \nPatenschaften \u00fcbernehmen.&nbsp;<\/p>\n\n\n\n<p>Der Tierschutzverein Horb ist vom Finanzamt Freudenstadt als \ngemeinn\u00fctzig und besonders f\u00f6rderungsw\u00fcrdig anerkannt \n&#8211;&nbsp;Mitgliedsbeitr\u00e4ge und Spenden sind (auch im Rahmen von Patenschaften) \nsteuerlich absetzbar. Bei einer Spenden ab 50 Euro erhalten Sie \nautomatisch eine Spendenquittung, falls Sie Ihre Adresse angegeben \nhaben.&nbsp;<\/p>\n","protected":false},"excerpt":{"rendered":"<p>Haben Sie Interesse daran, eine der wild lebenden Katzen, die von uns gef\u00fcttert und tier\u00e4rztlich versorgt werden, mit einer Patenschaft (monatlich mind. 6,- Euro) zu unterst\u00fctzen?&nbsp; Download Patenschaftsformular (PDF)&nbsp;(Hier finden Sie alle wichtigen Hinweise)&nbsp;Sie k\u00f6nnen das Formular ausgef\u00fcllt an die darauf angegebene Adresse schicken.&nbsp; Immer wieder haben wir Katzen, die es besonders schwer haben im &hellip; <\/p>\n<p class=\"link-more\"><a href=\"http:\/\/blog.klobas.de\/?page_id=39\" class=\"more-link\"><span class=\"screen-reader-text\">\u201eTierpatenschaften\u201c<\/span> weiterlesen<\/a><\/p>\n","protected":false},"author":1,"featured_media":0,"parent":0,"menu_order":0,"comment_status":"closed","ping_status":"closed","template":"","meta":{"footnotes":""},"_links":{"self":[{"href":"http:\/\/blog.klobas.de\/index.php?rest_route=\/wp\/v2\/pages\/39"}],"collection":[{"href":"http:\/\/blog.klobas.de\/index.php?rest_route=\/wp\/v2\/pages"}],"about":[{"href":"http:\/\/blog.klobas.de\/index.php?rest_route=\/wp\/v2\/types\/page"}],"author":[{"embeddable":true,"href":"http:\/\/blog.klobas.de\/index.php?rest_route=\/wp\/v2\/users\/1"}],"replies":[{"embeddable":true,"href":"http:\/\/blog.klobas.de\/index.php?rest_route=%2Fwp%2Fv2%2Fcomments&post=39"}],"version-history":[{"count":1,"href":"http:\/\/blog.klobas.de\/index.php?rest_route=\/wp\/v2\/pages\/39\/revisions"}],"predecessor-version":[{"id":40,"href":"http:\/\/blog.klobas.de\/index.php?rest_route=\/wp\/v2\/pages\/39\/revisions\/40"}],"wp:attachment":[{"href":"http:\/\/blog.klobas.de\/index.php?rest_route=%2Fwp%2Fv2%2Fmedia&parent=39"}],"curies":[{"name":"wp","href":"https:\/\/api.w.org\/{rel}","templated":true}]}}