{"id":49,"date":"2019-05-05T06:06:35","date_gmt":"2019-05-05T06:06:35","guid":{"rendered":"http:\/\/blog.klobas.de\/?page_id=49"},"modified":"2019-05-05T06:06:35","modified_gmt":"2019-05-05T06:06:35","slug":"katzeneingewoehnung-in-ein-neues-zuhause","status":"publish","type":"page","link":"http:\/\/blog.klobas.de\/?page_id=49","title":{"rendered":"Katzeneingew\u00f6hnung in ein neues Zuhause"},"content":{"rendered":"\n<p>Auch eine Katze, die ein Jahr alt ist, ist noch recht jung und gew\u00f6hnt sich schnell ein! &nbsp;<\/p>\n\n\n\n<p>Da Katzen von Natur aus keine Einzelg\u00e4nger sind, sollte \u00fcberlegt \nwerden, ob man vielleicht gleich zwei Katzen aufnimmt, daf\u00fcr eignen sich\n hervorragend Wurfgeschwister oder zwei Katzen, die bereits vorher \nzusammen lebten und sich gut verstehen.&nbsp;<\/p>\n\n\n\n<p>Besonders wichtig ist das f\u00fcr die Menschen, die viel au\u00dfer Haus sind, zum Beispiel, weil sie voll berufst\u00e4tig sind. &nbsp;<\/p>\n\n\n\n<p>Sollten Sie eine Katze aus dem Tierheim w\u00e4hlen, so sagen Sie dort \nklar, wenn Sie eine \u201eAnf\u00e4ngerkatze\u201c w\u00fcnschen. Im Normalfall &nbsp;wird man \nSie dann beraten und eine gut sozialisierte Katze f\u00fcr Sie ausw\u00e4hlen. &nbsp;<\/p>\n\n\n\n<p>Katze oder Kater? Man sagt, Kater spielen wilder, Katzen seien etwas zickig, Kater werden sp\u00e4ter verschmuster, &#8230;&nbsp;<\/p>\n\n\n\n<p>Letztendlich ist diese Entscheidung einfach eine Sache der eigenen \nVorliebe und Sie sollten wissen, dass man oftmals zwar mit bestimmten \nVorstellungen eine Katze sucht, es aber dann oft passiert, dass &nbsp;in \nWahrheit die Katze den neuen Besitzer aussucht und dann alle \nVorstellungen umgeworfen werden!&nbsp;<\/p>\n\n\n\n<p>Bevor man die Katze\/n holt, sollte zumindest Folgendes vorhanden sein:&nbsp;<\/p>\n\n\n\n<ul><li>Futtern\u00e4pfe und Futter (Erkundigen Sie sich beim Vorbesitzer, was die Katze bisher gefressen hat)&nbsp;<\/li><li>Ein Katzenklo und Streu &nbsp;<\/li><li>Katzenspielzeug (vor allem junge Katzen sind sehr verspielt und \nbrauchen unbedingt Katzenspielzeug, Sie werden aber merken, dass junge \nKatzen fast alles als Spielzeug ansehen, von der leeren Klopapierrolle \n\u00fcber zusammengekn\u00fclltes Papier bis zum einfachen Kugelschreiber, ganz \ntoll sind auch Kastanien oder Waln\u00fcsse etc.)<\/li><li>Eine oder mehrere M\u00f6glichkeiten zum Kratzen (Kratzbaum, Kratzecke, &#8230;)&nbsp;<\/li><\/ul>\n\n\n\n<p>Kl\u00e4ren Sie bitte mit Ihrem Vermieter, ob er der Katzenhaltung in der \nWohnung zustimmt. Pr\u00fcfen Sie au\u00dferdem \u00fcber einen Hautarzt, ob &nbsp;ein \nFamilienmitglied allergisch auf Katzen reagiert. &nbsp;<\/p>\n\n\n\n<p>Sollte dies alles geregelt sein, steht dem Einzug der Katze\/n nichts mehr im Weg!<\/p>\n\n\n\n<p>Die Eingew\u00f6hnung einer Katze im neuen Zuhause<\/p>\n\n\n\n<p>Katzen haben sehr unterschiedliche Charaktere, deshalb reagieren sie \nauch ganz unterschiedlich auf ihr neues Zuhause und die neuen Menschen \ndort. &nbsp;Ganz entscheidend h\u00e4ngt das von den bisherigen Erfahrungen der \nKatze ab. &nbsp;<\/p>\n","protected":false},"excerpt":{"rendered":"<p>Auch eine Katze, die ein Jahr alt ist, ist noch recht jung und gew\u00f6hnt sich schnell ein! &nbsp; Da Katzen von Natur aus keine Einzelg\u00e4nger sind, sollte \u00fcberlegt werden, ob man vielleicht gleich zwei Katzen aufnimmt, daf\u00fcr eignen sich hervorragend Wurfgeschwister oder zwei Katzen, die bereits vorher zusammen lebten und sich gut verstehen.&nbsp; Besonders wichtig &hellip; <\/p>\n<p class=\"link-more\"><a href=\"http:\/\/blog.klobas.de\/?page_id=49\" class=\"more-link\"><span class=\"screen-reader-text\">\u201eKatzeneingew\u00f6hnung in ein neues Zuhause\u201c<\/span> weiterlesen<\/a><\/p>\n","protected":false},"author":1,"featured_media":0,"parent":0,"menu_order":0,"comment_status":"closed","ping_status":"closed","template":"","meta":{"footnotes":""},"_links":{"self":[{"href":"http:\/\/blog.klobas.de\/index.php?rest_route=\/wp\/v2\/pages\/49"}],"collection":[{"href":"http:\/\/blog.klobas.de\/index.php?rest_route=\/wp\/v2\/pages"}],"about":[{"href":"http:\/\/blog.klobas.de\/index.php?rest_route=\/wp\/v2\/types\/page"}],"author":[{"embeddable":true,"href":"http:\/\/blog.klobas.de\/index.php?rest_route=\/wp\/v2\/users\/1"}],"replies":[{"embeddable":true,"href":"http:\/\/blog.klobas.de\/index.php?rest_route=%2Fwp%2Fv2%2Fcomments&post=49"}],"version-history":[{"count":1,"href":"http:\/\/blog.klobas.de\/index.php?rest_route=\/wp\/v2\/pages\/49\/revisions"}],"predecessor-version":[{"id":50,"href":"http:\/\/blog.klobas.de\/index.php?rest_route=\/wp\/v2\/pages\/49\/revisions\/50"}],"wp:attachment":[{"href":"http:\/\/blog.klobas.de\/index.php?rest_route=%2Fwp%2Fv2%2Fmedia&parent=49"}],"curies":[{"name":"wp","href":"https:\/\/api.w.org\/{rel}","templated":true}]}}