{"id":51,"date":"2019-05-05T06:07:08","date_gmt":"2019-05-05T06:07:08","guid":{"rendered":"http:\/\/blog.klobas.de\/?page_id=51"},"modified":"2019-08-23T17:57:17","modified_gmt":"2019-08-23T17:57:17","slug":"tiermarkierung-taetowierung-chip","status":"publish","type":"page","link":"http:\/\/blog.klobas.de\/?page_id=51","title":{"rendered":"Tiermarkierung \u2013 T\u00e4towierung \/ Chip"},"content":{"rendered":"\n<h2 class=\"wp-block-heading\">T\u00e4towierung&nbsp;<\/h2>\n\n\n\n<p>Eine T\u00e4towierung wird unter Narkose (bei Katzen z. B. bestenfalls \ngleichzeitig mit der Kastration) im Normalfall in den Ohren des Tieres \nangebracht. &nbsp;<\/p>\n\n\n\n<h3 class=\"wp-block-heading\">Vorteile der T\u00e4towierung:&nbsp;<\/h3>\n\n\n\n<p>Sie ist auf den ersten Blick gut sichtbar und auch von einem Laien als Kennzeichnung&nbsp;erkennbar. &nbsp;<\/p>\n\n\n\n<p>Sie kann im Gegensatz zum Chip ohne speziellen Ger\u00e4te gelesen werden.&nbsp;<\/p>\n\n\n\n<h3 class=\"wp-block-heading\">Nachteile der T\u00e4towierung:&nbsp;<\/h3>\n\n\n\n<p>Tier\u00e4rzte k\u00f6nnen die T\u00e4towierung beliebig gestalten, im Normalfall \nbesteht die T\u00e4towierung&nbsp;aus dem K\u00fcrzel des Landkreises (zum Beispiel ES \nf\u00fcr Esslingen), der Jahreszahl (05), einem&nbsp;K\u00fcrzel des Tierarztes (z. B. \nAnfangsbuchstabe) und einer fortlaufenden Nummer.&nbsp;<\/p>\n\n\n\n<p>Die T\u00e4towierung ist je nach K\u00f6nnen des Arztes (und je nach Qualit\u00e4t \nder Farbe) oft schon von&nbsp;Anfang an schlecht lesbar und verblasst mit den\n Jahren. &nbsp;<\/p>\n\n\n\n<p>Es gibt immer wieder das Ger\u00fccht, dass Katzen die Ohren abgeschnitten\n wurden um die&nbsp;Kennzeichnung zu entfernen, das war wohl vor allem fr\u00fcher\n der Fall, als die T\u00e4towierung nur&nbsp;ganz an der Ohrspitze angebracht \nwurde, heute wird die T\u00e4towierung im Ohr mittig gesetzt,&nbsp;da ist die \nGefahr sehr gering, zudem wird das Tier mit gekappten Ohren wertlos. &nbsp;<\/p>\n\n\n\n<h3 class=\"wp-block-heading\">Kosten der T\u00e4towierung:&nbsp;<\/h3>\n\n\n\n<p>Die T\u00e4towierung selbst (ohne die Narkose) kostet ca. 10,- Euro, fragen Sie aber Ihren Tierarzt&nbsp;nach seinem Preis. &nbsp;<\/p>\n\n\n\n<h2 class=\"wp-block-heading\">Mikrochip&nbsp;<\/h2>\n\n\n\n<p>Bei der elektronischen Kennzeichnung wird ein Transponder (der etwa \n12 mm lang ist, also&nbsp;etwa so gro\u00df wie ein Reiskorn) unter die Haut des \nTieres im Bereich von Hals oder Schulter&nbsp;verbracht.&nbsp;<\/p>\n\n\n\n<p>In manchen L\u00e4ndern und f\u00fcr manche Hunde ist der Chip Pflicht. \n&nbsp;Besitzerdaten oder Daten des Tieres k\u00f6nnen nicht gespeichert werden, \nder Chip dient&nbsp;lediglich der Identifizierung. &nbsp;<\/p>\n\n\n\n<p>Der Chip selbst ist inaktiv und wird nur durch das elektromagnetische\n Feld des Leseger\u00e4tes&nbsp;aktiviert, es besteht also diesbez\u00fcglich keine \nBeeintr\u00e4chtigung f\u00fcr das Tier. &nbsp;&nbsp;<\/p>\n\n\n\n<h3 class=\"wp-block-heading\">Vorteile des Mikrochips:&nbsp;<\/h3>\n\n\n\n<p>Der Chip ist ohne Narkose schnell und mit geringen Schmerzen (vergleichbar mit einer Impfung) implantierbar. &nbsp;<\/p>\n\n\n\n<p>Der Transponder tr\u00e4gt einen unver\u00e4nderlichen Zahlencode, der nur einmal vorkommt.&nbsp;<\/p>\n\n\n\n<p>Der Mikrochip ist unsichtbar, \u201everunstaltet\u201c das Tier also nicht (siehe aber auch bei Nachteilen). &nbsp;<\/p>\n\n\n\n<h3 class=\"wp-block-heading\">Nachteile des Mikrochips:&nbsp;<\/h3>\n\n\n\n<p>Der Mikrochip ist unsichtbar, ein Laie erkennt das Tier also nicht \nals markiert und kommt&nbsp;vielleicht bei einer Katze gar nicht auf die \nIdee, jemand k\u00f6nnte sie vermissen. &nbsp;<\/p>\n\n\n\n<p>Der Mikrochip ist ohne Leseger\u00e4t nicht ablesbar. Fast alle Tier\u00e4rzte \nund viele Tierheime und Tierschutzorganisationen haben aber inzwischen \nein solches Leseger\u00e4t. &nbsp;<\/p>\n\n\n\n<p>Da der Mikrochip oftmals am Tier ertastbar ist, sehen manche Kritiker\n eine Gefahr darin, dass&nbsp;der Transponder r\u00fcckstandslos entfernt oder \nausgetauscht werden kann.&nbsp;<\/p>\n\n\n\n<p>Au\u00dferdem besteht in Ausnahmef\u00e4llen die M\u00f6glichkeit, dass der \nFremdk\u00f6rper abgesto\u00dfen wird&nbsp;und herauseitert oder dass er im K\u00f6rper \nwandert, das Risiko ist aber sehr gering. &nbsp;&nbsp;<\/p>\n\n\n\n<p>Der Chip kann durch starke Gewalteinwirkung (z.B. Autounfall) besch\u00e4digt und dadurch&nbsp;unlesbar werden.&nbsp;<\/p>\n\n\n\n<h3 class=\"wp-block-heading\">Kosten des Mikrochips?&nbsp;<\/h3>\n\n\n\n<p>Ca. zwischen 20,- und 40,- Euro, fragen Sie aber Ihren Tierarzt nach seinem Preis. &nbsp;Wo registrieren?&nbsp;<\/p>\n\n\n\n<p>Die T\u00e4towierung oder der Mikrochip kann kostenlos bei folgenden Seiten registriert werden:&nbsp;<\/p>\n\n\n\n<p>&#8211;> FINDEFIX<\/p>\n\n\n\n<p>&#8211;&gt; Tasso Tiernotruf&nbsp;<\/p>\n\n\n\n<h2 class=\"wp-block-heading\">Halsband?<\/h2>\n\n\n\n<p>Nat\u00fcrlich k\u00f6nnen auch im Halsband Daten des Besitzers und dessen \nAdresse angebracht&nbsp;werden, allerdings ist dieses sehr einfach zu \nentfernen und vor allem bei Katzen besteht durch&nbsp;Halsb\u00e4nder eine sehr \ngro\u00dfe Verletzungs- und Strangulierungsgefahr.Auch Halsb\u00e4nder mit \nSollbruchstellen oder mit eingesetzten Stretch-B\u00e4nder bieten \nnicht&nbsp;ausreichend Schutz, es kann zu schlimmen Unf\u00e4llen kommen. &nbsp;<\/p>\n\n\n\n<p>Copyright (c) ab 2005 bei Magda Hoenig&nbsp;<\/p>\n\n\n\n<p>Das Kopieren und Weiterverbreiten dieses Dokuments ist ausdr\u00fccklich \nerlaubt und erw\u00fcnscht. Die Nutzung zur Erstellung&nbsp;eigener Dokumente ist \nerlaubt, wenn das Original, seine Webadresse \nhttp:\/\/www.tierschutzverein-horb.de und seine Autoren&nbsp;als Quelle genannt\n werden. Eine Weitergabe gegen Entgelt ist ausdr\u00fccklich untersagt. &nbsp;<\/p>\n\n\n\n<p>Die Autoren \u00fcbernehmen keinerlei Haftung f\u00fcr die Richtigkeit der Informationen.<\/p>\n","protected":false},"excerpt":{"rendered":"<p>T\u00e4towierung&nbsp; Eine T\u00e4towierung wird unter Narkose (bei Katzen z. B. bestenfalls gleichzeitig mit der Kastration) im Normalfall in den Ohren des Tieres angebracht. &nbsp; Vorteile der T\u00e4towierung:&nbsp; Sie ist auf den ersten Blick gut sichtbar und auch von einem Laien als Kennzeichnung&nbsp;erkennbar. &nbsp; Sie kann im Gegensatz zum Chip ohne speziellen Ger\u00e4te gelesen werden.&nbsp; Nachteile &hellip; <\/p>\n<p class=\"link-more\"><a href=\"http:\/\/blog.klobas.de\/?page_id=51\" class=\"more-link\"><span class=\"screen-reader-text\">\u201eTiermarkierung \u2013 T\u00e4towierung \/ Chip\u201c<\/span> weiterlesen<\/a><\/p>\n","protected":false},"author":1,"featured_media":0,"parent":0,"menu_order":0,"comment_status":"closed","ping_status":"closed","template":"","meta":{"footnotes":""},"_links":{"self":[{"href":"http:\/\/blog.klobas.de\/index.php?rest_route=\/wp\/v2\/pages\/51"}],"collection":[{"href":"http:\/\/blog.klobas.de\/index.php?rest_route=\/wp\/v2\/pages"}],"about":[{"href":"http:\/\/blog.klobas.de\/index.php?rest_route=\/wp\/v2\/types\/page"}],"author":[{"embeddable":true,"href":"http:\/\/blog.klobas.de\/index.php?rest_route=\/wp\/v2\/users\/1"}],"replies":[{"embeddable":true,"href":"http:\/\/blog.klobas.de\/index.php?rest_route=%2Fwp%2Fv2%2Fcomments&post=51"}],"version-history":[{"count":2,"href":"http:\/\/blog.klobas.de\/index.php?rest_route=\/wp\/v2\/pages\/51\/revisions"}],"predecessor-version":[{"id":233,"href":"http:\/\/blog.klobas.de\/index.php?rest_route=\/wp\/v2\/pages\/51\/revisions\/233"}],"wp:attachment":[{"href":"http:\/\/blog.klobas.de\/index.php?rest_route=%2Fwp%2Fv2%2Fmedia&parent=51"}],"curies":[{"name":"wp","href":"https:\/\/api.w.org\/{rel}","templated":true}]}}