{"id":53,"date":"2019-05-05T06:06:02","date_gmt":"2019-05-05T06:06:02","guid":{"rendered":"http:\/\/blog.klobas.de\/?page_id=53"},"modified":"2019-05-05T06:06:02","modified_gmt":"2019-05-05T06:06:02","slug":"die-lautsprache-der-katzen","status":"publish","type":"page","link":"http:\/\/blog.klobas.de\/?page_id=53","title":{"rendered":"Die Lautsprache der Katzen"},"content":{"rendered":"\n<p><strong>Schnurren<\/strong><br> Dr\u00fcckt zumeist Wohlbehagen und ein Gef\u00fchl der Geborgenheit aus. <br>\n Sofort nach der Geburt beginnen kleine K\u00e4tzchen zu schnurren und zeigen\n so der Mutter, dass es ihnen gut geht. Die Mutterkatze schnurrt beim \nPutzen der Kleinen. <br> Aber auch in Stresssituationen schnurren \nKatzen, bei Krankheit und Schmerzen, ja sogar kurz vor dem Tod. Es wird \nvermutet, dass sie dies tun, um sich selbst zu beruhigen. <\/p>\n\n\n\n<p><em>Das ist interessant:<\/em> W\u00e4hrend Katzen beim Ein- und Ausatmen schnurren, k\u00f6nnen Gro\u00dfkatzen nur beim Ausatmen schnurren. <\/p>\n\n\n\n<p><strong>Gurren<\/strong><br>\n Das Gurren wird oft als &#8222;Plaudersprache&#8220; der Katzen bezeichnet. Es wird\n ebenso wie auch das Miauen in unterschiedlichen Lebenslagen angewendet,\n ist aber stets freundlich bzw. freundschaftlich gemeint. <br> Katzen locken sich gegenseitig gurrend und auch der Mensch wird mit diesem Laut aufgefordert, sich der Katze zuzuwenden. <\/p>\n\n\n\n<p><strong>Fauchen<\/strong><br> Bedeutet Feindseligkeit und dr\u00fcckt aus, dass das Gegen\u00fcber Abstand halten soll. <br> Es ist aber nicht nur eine aggressive Laut\u00e4u\u00dferung, auch ver\u00e4ngstigte Katzen fauchen, um in Ruhe gelassen zu werden. <\/p>\n\n\n\n<p><strong>Knurren<\/strong><br> Nicht nur Hunde, auch Katzen k\u00f6nnen knurren. Mit diesem Laut werden Gegner gewarnt. <br> Eine knurrende Katze sollte nicht angefasst werden! <\/p>\n\n\n\n<p><strong>Schnattern<\/strong><br>\n Diesen Laut \u00e4u\u00dfern Katzen, wenn sie einen Vogel oder eine Fliege \nerblicken und diese &#8222;Beute&#8220; f\u00fcr sie unerreichbar bleibt. Dann fangen sie\n zu meckern an und klappern regelrecht mit den Z\u00e4hnen. <\/p>\n\n\n\n<p><em>Das ist interessant:<\/em> Es handelt sich bei diesem Schnattern wahrscheinlich um einen angedeuteten Todesbiss, mit dem Katzen ihre Beute erlegen.\n\n<\/p>\n","protected":false},"excerpt":{"rendered":"<p>Schnurren Dr\u00fcckt zumeist Wohlbehagen und ein Gef\u00fchl der Geborgenheit aus. Sofort nach der Geburt beginnen kleine K\u00e4tzchen zu schnurren und zeigen so der Mutter, dass es ihnen gut geht. Die Mutterkatze schnurrt beim Putzen der Kleinen. Aber auch in Stresssituationen schnurren Katzen, bei Krankheit und Schmerzen, ja sogar kurz vor dem Tod. Es wird vermutet, &hellip; <\/p>\n<p class=\"link-more\"><a href=\"http:\/\/blog.klobas.de\/?page_id=53\" class=\"more-link\"><span class=\"screen-reader-text\">\u201eDie Lautsprache der Katzen\u201c<\/span> weiterlesen<\/a><\/p>\n","protected":false},"author":1,"featured_media":0,"parent":0,"menu_order":0,"comment_status":"closed","ping_status":"closed","template":"","meta":{"footnotes":""},"_links":{"self":[{"href":"http:\/\/blog.klobas.de\/index.php?rest_route=\/wp\/v2\/pages\/53"}],"collection":[{"href":"http:\/\/blog.klobas.de\/index.php?rest_route=\/wp\/v2\/pages"}],"about":[{"href":"http:\/\/blog.klobas.de\/index.php?rest_route=\/wp\/v2\/types\/page"}],"author":[{"embeddable":true,"href":"http:\/\/blog.klobas.de\/index.php?rest_route=\/wp\/v2\/users\/1"}],"replies":[{"embeddable":true,"href":"http:\/\/blog.klobas.de\/index.php?rest_route=%2Fwp%2Fv2%2Fcomments&post=53"}],"version-history":[{"count":1,"href":"http:\/\/blog.klobas.de\/index.php?rest_route=\/wp\/v2\/pages\/53\/revisions"}],"predecessor-version":[{"id":54,"href":"http:\/\/blog.klobas.de\/index.php?rest_route=\/wp\/v2\/pages\/53\/revisions\/54"}],"wp:attachment":[{"href":"http:\/\/blog.klobas.de\/index.php?rest_route=%2Fwp%2Fv2%2Fmedia&parent=53"}],"curies":[{"name":"wp","href":"https:\/\/api.w.org\/{rel}","templated":true}]}}