{"id":55,"date":"2019-05-05T06:06:43","date_gmt":"2019-05-05T06:06:43","guid":{"rendered":"http:\/\/blog.klobas.de\/?page_id=55"},"modified":"2019-05-05T06:06:43","modified_gmt":"2019-05-05T06:06:43","slug":"katzenschwemme-argumente-fuer-die-kastration","status":"publish","type":"page","link":"http:\/\/blog.klobas.de\/?page_id=55","title":{"rendered":"Katzenschwemme &#8211; Argumente f\u00fcr die Kastration"},"content":{"rendered":"\n<p><br>Nur durch die Kastration kann dieses Elend einged\u00e4mmt werden.<br><br>Wir haben die h\u00e4ufigsten Argumente der Kastrationsgegner zusammengestellt &#8211; und unsere Antworten darauf:<br><br><br>&#8222;Wir haben schon Interessenten f\u00fcr eventuelle Babykatzen&#8220;<br><br>Eine weibliche Katze kann bis zu 8 Junge bekommen, finden Sie wirklich f\u00fcr so viele Katzen ein sch\u00f6nes Zuhause?&nbsp;<br>Und\n bitte bedenken Sie: Sie nehmen den Tierheimkatzen, die dringend auf ein\n gutes Zuhause warten, die Chance auf Vermittlung weg, wenn sie eine \nunkastrierte Katze trotz Wissen um die Katzenschwemme Junge bekommen \nlassen!&nbsp;<br><br><br>&#8222;Lasst doch dem Kater sein Vergn\u00fcgen&#8220;<br><br>Dieses Argument h\u00f6rt man zumeist von M\u00e4nnern, die sich (unbewusst) mit dem Kater identifizieren.&nbsp;<br>F\u00fcr\n Tiere ist der Sexualinstinkt keine Lust sondern purer Instinkt. (Der \nDeckakt ist f\u00fcr die weibliche Katze \u00fcbrigens \u00e4u\u00dferst schmerzhaft, \ndennoch ist der Instinkt st\u00e4rker).&nbsp;<br><br>Sind die Keimdr\u00fcsen entfernt, vermisst der Kater nichts mehr.<br>Der\n Kater wird ruhiger und h\u00e4uslicher. Er wird sich, im Gegensatz zu den \ngeschlechtsreifen Katern, auch nicht pr\u00fcgeln, die typischen Katerk\u00e4mpfe \nund Verletzungen werden so vermieden.&nbsp;<br>Seine Duftstoffe und sein Urin\n verlieren den penetranten Geruch. Wenn der Kater vor dem Einsetzen der \nGeschlechtsreife kastriert wird, so wird er nicht beginnen, sein Revier \n(durch Pinkeln) zu markieren.<br><br><br>&#8222;Kastraten werden fett und faul&#8220;<br><br>Es mag sein, dass kastrierte Katzen etwas zulegen, aber nur, wenn sie t\u00e4glich zu viel Futter erhalten.&nbsp;<br>Oft\n sollen sie sich jedoch von M\u00e4usen und sog. anderen &#8222;Sch\u00e4dlingen&#8220; \nern\u00e4hren. Davon wird heutzutage keine Katze mehr fett. (Eine Katzen \nben\u00f6tigt 8-10 M\u00e4use t\u00e4glich, um sich zu ern\u00e4hren!)<br><br>Im Gegenzug \ndazu sollten Sie auch bedenken, dass eine Katze, die nicht kastriert \nist, von den Geburten ausgelaugt ist. Sie schafft es einfach nicht, den \nerh\u00f6hten N\u00e4hrstoffbedarf zu decken und wird so \u00fcber kurz oder lang \nkrank.&nbsp;<br><br>Auch eine kastrierte Katze und ein kastrierter Kater werden weiterhin M\u00e4use fangen!&nbsp;<br><br><br>&#8222;Kastrieren ist mir zu teuer&#8220;<br><br>Hat man sich ein Tier angeschafft, dann kostet es auch Geld. Wer das nicht einsehen will, darf sich kein Tier halten.<br>Ist\n das Tier aber einmal da, dann tr\u00e4gt sein Besitzer auch die \nVerantwortung. Und dazu geh\u00f6rt auch, Katzennachwuchs zu verhindern.<br><br>Es\n gibt aber bei vielen Tier\u00e4rzten die M\u00f6glichkeit, eine Rechnung in Raten\n abzubezahlen. Sie k\u00f6nnen sich gerne wegen der Frage der Finanzierung \nmit uns in Verbindung setzen.<br><br><br>&#8222;Unsere Katze kommt nie raus&#8220;<br><br>Einen\n Wohnungs-Kater werden Sie mit Sicherheit freiwillig kastrieren lassen, \nda sein Urin (den er per Markieren in der Wohnung verteilt) unertr\u00e4glich\n stinkt.&nbsp;<br>Bei einer Katze sieht es dagegen anders aus, die muss man ja nicht kastrieren, oder?<br><br>Eine\n paarungsbereite Katze findet immer einen Kater und kein Mensch kann \ngarantieren, dass ihm sein vierbeiniger Liebling nicht einmal entwischt.<br><br>Dazu\n kommt, dass eine Katze, die einen Partner sucht, sich lautstark \u00e4u\u00dfert &#8211;\n auch nachts. Auf Dauer h\u00e4lt das kein Besitzer und kein Nachbar aus. \nZudem ist es auch f\u00fcr die Katze eine ungeheure Belastung, st\u00e4ndig rollig\n zu werden (auch wenn die Rolligkeit bei manchen Katzen kaum bemerkt \nwird).&nbsp;<br><br>Das Risiko, dass eine unkastrierte Katze, die nicht \ngedeckt wird, an Ges\u00e4ugekrebs oder Geb\u00e4rmuttertumoren erkrankt, ist weit\n h\u00f6her als bei kastrierten Katzen.<br><br><br>&#8222;Einmal soll die Katze Junge haben&#8220;<br><br>So argumentieren leider manchmal auch noch Tier\u00e4rzte.<br>Die\n Katze muss weder einmal rollig noch einmal tr\u00e4chtig sein bzw. geworfen \nhaben, inzwischen haben zahlreiche Studien ergeben, dass sich auch eine \nKatze, die fr\u00fch kastriert wurde und nie Junge bekommen hat, normal und \ngut entwickelt.&nbsp;<br><br>Sollte Ihr Tierarzt noch diese Meinung vertreten, so suchen Sie sich einen anderen Tierarzt!&nbsp;<br><br><br>Wir\n empfehlen die Kastration von Katze und Kater sp\u00e4testens mit 5 Monaten, \ndenn in Ausnahmef\u00e4llen kann eine Katze bereits mit 4 Monaten gedeckt \nwerden, was zum fast sicheren Tod dieser Katze (und nat\u00fcrlich der Babys \nim Mutterleib) f\u00fchrt.&nbsp;<\/p>\n\n\n\n<h2 class=\"wp-block-heading\">Helfen Sie mit, Katzennachwuchs einzud\u00e4mmen!<\/h2>\n\n\n\n<h3 class=\"wp-block-heading\">Ausk\u00fcnfte und Hilfe gibt Ihr Tierschutzverein.<\/h3>\n","protected":false},"excerpt":{"rendered":"<p>Nur durch die Kastration kann dieses Elend einged\u00e4mmt werden. Wir haben die h\u00e4ufigsten Argumente der Kastrationsgegner zusammengestellt &#8211; und unsere Antworten darauf: &#8222;Wir haben schon Interessenten f\u00fcr eventuelle Babykatzen&#8220; Eine weibliche Katze kann bis zu 8 Junge bekommen, finden Sie wirklich f\u00fcr so viele Katzen ein sch\u00f6nes Zuhause?&nbsp;Und bitte bedenken Sie: Sie nehmen den Tierheimkatzen, &hellip; <\/p>\n<p class=\"link-more\"><a href=\"http:\/\/blog.klobas.de\/?page_id=55\" class=\"more-link\"><span class=\"screen-reader-text\">\u201eKatzenschwemme &#8211; Argumente f\u00fcr die Kastration\u201c<\/span> weiterlesen<\/a><\/p>\n","protected":false},"author":1,"featured_media":0,"parent":0,"menu_order":0,"comment_status":"closed","ping_status":"closed","template":"","meta":{"footnotes":""},"_links":{"self":[{"href":"http:\/\/blog.klobas.de\/index.php?rest_route=\/wp\/v2\/pages\/55"}],"collection":[{"href":"http:\/\/blog.klobas.de\/index.php?rest_route=\/wp\/v2\/pages"}],"about":[{"href":"http:\/\/blog.klobas.de\/index.php?rest_route=\/wp\/v2\/types\/page"}],"author":[{"embeddable":true,"href":"http:\/\/blog.klobas.de\/index.php?rest_route=\/wp\/v2\/users\/1"}],"replies":[{"embeddable":true,"href":"http:\/\/blog.klobas.de\/index.php?rest_route=%2Fwp%2Fv2%2Fcomments&post=55"}],"version-history":[{"count":1,"href":"http:\/\/blog.klobas.de\/index.php?rest_route=\/wp\/v2\/pages\/55\/revisions"}],"predecessor-version":[{"id":56,"href":"http:\/\/blog.klobas.de\/index.php?rest_route=\/wp\/v2\/pages\/55\/revisions\/56"}],"wp:attachment":[{"href":"http:\/\/blog.klobas.de\/index.php?rest_route=%2Fwp%2Fv2%2Fmedia&parent=55"}],"curies":[{"name":"wp","href":"https:\/\/api.w.org\/{rel}","templated":true}]}}