{"id":57,"date":"2019-05-05T06:06:58","date_gmt":"2019-05-05T06:06:58","guid":{"rendered":"http:\/\/blog.klobas.de\/?page_id=57"},"modified":"2019-05-05T06:06:58","modified_gmt":"2019-05-05T06:06:58","slug":"kein-freigang-fuer-katzen-vor-der-kastration","status":"publish","type":"page","link":"http:\/\/blog.klobas.de\/?page_id=57","title":{"rendered":"Kein Freigang f\u00fcr Katzen vor der Kastration!"},"content":{"rendered":"\n<p><br>Nat\u00fcrlich merkt man viele Katzen an, wenn sie rollig werden, aber\n manche Katzen rollen auch still, das hei\u00dft, sie zeigen keine \nwesentlichen Verhaltensver\u00e4nderungen.&nbsp;<br>Unkastrierte Kater werden zwar nicht tr\u00e4chtig, sie k\u00f6nnen aber viele Katzen drau\u00dfen schw\u00e4ngern, also BITTE vorher kastrieren!&nbsp;<br>Bei Katzen muss man nicht die erste Rolligkeit abwarten, und bei Katern ebenso wenig das Markieren.&nbsp;<br><br><br>2. Katzenbabys sind viel zu verspielt, um auf Gefahren achten zu k\u00f6nnen.&nbsp;<br><br>Man kann bei erwachsenen Katzen manchmal sehen, dass sie die Stra\u00dfe meiden und zu wissen scheinen, dass Autos gef\u00e4hrlich sind.&nbsp;<br>Wenn\n junge Katzen etwas Interessantes sehen oder einem Insekt nachjagen, \nstehen sie pl\u00f6tzlich mitten auf der Stra\u00dfe, v\u00f6llig vertieft in ihr \nSpiel. Auch anderen Gefahren, zum Beispiel auch anderen Tieren \ngegen\u00fcber, stehen Katenkinder viel zu unbedarft gegen\u00fcber.&nbsp;<br><br><br>3. Kleine Katzen werden gerne mitgenommen, weil sie so s\u00fc\u00df sind.&nbsp;<br><br>Jeder\n findet Katzenbabys s\u00fc\u00df und nehmen es (oft auch in netter Absicht) mit, \num es zu behalten. Oft sind es auch Kinder, die die Katze mit nach Hause\n bringen und sagen, sie h\u00e4tten sie gefunden&nbsp;<br><br><br>4. Unkastrierte Katzen \/ Kater entfernen sich viel weiter von Zuhause weg.&nbsp;<br><br>Sie haben ein deutlich gr\u00f6\u00dferes Revier als die kastrierten Artgenossen und streunern viel durch die Gegend.<br>Es liegt sicher auch in Ihrem Interesse, dass die Katze sich nicht zu oft und auch nicht zu weit von Daheim weg bewegt.&nbsp;<br><br><br>5. Ungeimpfte oder noch nicht vollst\u00e4ndig geimpfte Katzen k\u00f6nnen sich t\u00f6dliche Krankheiten einfangen.&nbsp;<br><br>Freig\u00e4nger\n sollten gegen Katzenschnupfen, Katzenseuche, Leukose und Tollwut \ngeimpft sein, der Impfschutz ist aber nicht sofort nach der Impfung \ngegeben.<br>Einer ungeimpften Katze Freigang zu gew\u00e4hren ist verantwortungslos, vor allem, wenn diese noch dazu unkastriert ist.&nbsp;<br>Katzen\n w\u00e4hlen sich die Partner nicht aus, sie vermehren sich mit allen \npotenten Katzen\/Katern der Umgebung und dabei kommt es zu schlimmen \nAnsteckungen.&nbsp;<br><br><br><\/p>\n\n\n\n<h2 class=\"wp-block-heading\"><strong>Deshalb unsere Bitte an Sie: Lassen Sie Ihre Katze \/ Ihren \nKater erst ausreichend impfen und kastrieren und gew\u00e4hren Sie dann erst \nFreigang!<\/strong><\/h2>\n","protected":false},"excerpt":{"rendered":"<p>Nat\u00fcrlich merkt man viele Katzen an, wenn sie rollig werden, aber manche Katzen rollen auch still, das hei\u00dft, sie zeigen keine wesentlichen Verhaltensver\u00e4nderungen.&nbsp;Unkastrierte Kater werden zwar nicht tr\u00e4chtig, sie k\u00f6nnen aber viele Katzen drau\u00dfen schw\u00e4ngern, also BITTE vorher kastrieren!&nbsp;Bei Katzen muss man nicht die erste Rolligkeit abwarten, und bei Katern ebenso wenig das Markieren.&nbsp; 2. &hellip; <\/p>\n<p class=\"link-more\"><a href=\"http:\/\/blog.klobas.de\/?page_id=57\" class=\"more-link\"><span class=\"screen-reader-text\">\u201eKein Freigang f\u00fcr Katzen vor der Kastration!\u201c<\/span> weiterlesen<\/a><\/p>\n","protected":false},"author":1,"featured_media":0,"parent":0,"menu_order":0,"comment_status":"closed","ping_status":"closed","template":"","meta":{"footnotes":""},"_links":{"self":[{"href":"http:\/\/blog.klobas.de\/index.php?rest_route=\/wp\/v2\/pages\/57"}],"collection":[{"href":"http:\/\/blog.klobas.de\/index.php?rest_route=\/wp\/v2\/pages"}],"about":[{"href":"http:\/\/blog.klobas.de\/index.php?rest_route=\/wp\/v2\/types\/page"}],"author":[{"embeddable":true,"href":"http:\/\/blog.klobas.de\/index.php?rest_route=\/wp\/v2\/users\/1"}],"replies":[{"embeddable":true,"href":"http:\/\/blog.klobas.de\/index.php?rest_route=%2Fwp%2Fv2%2Fcomments&post=57"}],"version-history":[{"count":1,"href":"http:\/\/blog.klobas.de\/index.php?rest_route=\/wp\/v2\/pages\/57\/revisions"}],"predecessor-version":[{"id":58,"href":"http:\/\/blog.klobas.de\/index.php?rest_route=\/wp\/v2\/pages\/57\/revisions\/58"}],"wp:attachment":[{"href":"http:\/\/blog.klobas.de\/index.php?rest_route=%2Fwp%2Fv2%2Fmedia&parent=57"}],"curies":[{"name":"wp","href":"https:\/\/api.w.org\/{rel}","templated":true}]}}