{"id":70,"date":"2019-05-05T06:53:33","date_gmt":"2019-05-05T06:53:33","guid":{"rendered":"http:\/\/blog.klobas.de\/?page_id=70"},"modified":"2019-05-05T06:53:33","modified_gmt":"2019-05-05T06:53:33","slug":"das-igeljahr","status":"publish","type":"page","link":"http:\/\/blog.klobas.de\/?page_id=70","title":{"rendered":"Das Igeljahr"},"content":{"rendered":"\n<h2 class=\"wp-block-heading\">Januar<\/h2>\n\n\n\n<p> Die meisten Igel schlafen jetzt, so es die Temperaturen zulassen. <br>Igelchen, die jetzt aufgefunden werden haben Probleme und sollten erst mal reingenommen und beobachtet werden. <br>Bitte umgehend eine Beratung oder einen Tierarzt aufsuchen. <\/p>\n\n\n\n<h2 class=\"wp-block-heading\">Februar<\/h2>\n\n\n\n<p>\nEnde des Monats sollte bei mildem Wetter drau\u00dfen wieder zugef\u00fcttert \nwerden. Man f\u00e4ngt mit Trockenfutter an und wenn man sieht, dass es \ngenommen wird, kann auch mit Nassfutter zugef\u00fcttert werden (nur wenn es \nfrostfrei ist!). <\/p>\n\n\n\n<p>Generell empfiehlt es sich f\u00fcr Gartenbesitzer \nund Igelfreunde, ein Futterh\u00e4uschen einzurichten. Das Futter steht hier \nsauber, trocken und ist vor Katzen sicher. Der weitere Vorteil besteht \ndarin, dass sich die Tiere die Stelle merken und immer wieder das \nH\u00e4uschen aufsuchen. <\/p>\n\n\n\n<p><strong>Vorsicht beim Abbrennen von \nReisig!!! Igel suchen sich mit Vorliebe solche Reisigh\u00e4ufen zum \nWinterschlafen raus und w\u00fcrden dann elend verbrennen. Reisig vorher \nvorsichtig umschichten! <\/strong><\/p>\n\n\n\n<h2 class=\"wp-block-heading\">M\u00e4rz<\/h2>\n\n\n\n<p>Als Futter kann man &#8211; sofern es frostfrei ist &#8211; Katzendosenfutter \nm\u00f6glichst mit Gefl\u00fcgel gemischt mit Trockenfutter, ersatzweise \nHaferflocken oder Weizenkleie f\u00fcttern. <br>Gef\u00fcttert wird abends. Jungigel oder stark ausgehungerte Igel fressen auch tags\u00fcber etwas. <\/p>\n\n\n\n<p>Au\u00dferdem\n k\u00f6nnen Sie auch ungew\u00fcrztes R\u00fchrei oder Hackfleisch &#8211; angebraten oder \ngekocht &#8211; oder auch mal Katzentrockenfutter geben. <br><strong>Zum Trinken gibt es nur Wasser, bitte niemals Milch!!!<\/strong><\/p>\n\n\n\n<p>In das Trockenfutter k\u00f6nnen Sie auch ungeschwefelte Rosinen und gesch\u00e4lte, zerhackte N\u00fcsse geben. <\/p>\n\n\n\n<p>Bitte drau\u00dfen weiter f\u00fcttern bis ca. Ende April\/Anfang Mai. Erst dann gibt es gen\u00fcgend nat\u00fcrliche Nahrung f\u00fcr den Igel.  <\/p>\n\n\n\n<h2 class=\"wp-block-heading\">April<\/h2>\n\n\n\n<p>\nStark geschw\u00e4chte Tiere kurzfristig aufnehmen und versorgen. <\/p>\n\n\n\n<p>Wetterabh\u00e4ngig\n k\u00f6nnen ab Mitte April Igel, die in menschlicher Obhut \u00fcberwintert haben\n ausgewildert werden. Hierf\u00fcr eignet sich meist der eigene Garten. Man \nbietet seinem Sch\u00fctzling einen Unterschlupf im Garten an und f\u00fcttert ihn\n dort auch noch eine Weile zu. <\/p>\n\n\n\n<p>Und noch eine ganz <strong>gro\u00dfe Bitte an alle Gartenbesitzer<\/strong>:  Auch wenn es Ihnen in den Fingern juckt, bitte warten Sie noch mit den  gro\u00dfen Aufr\u00e4umarbeiten. Igel, die jetzt unsanft aus dem Winterschlaf  gerissen werden, sind schwach und haben es schwer, genug Futter zu  finden. <\/p>\n\n\n\n<figure class=\"wp-block-image\"><img decoding=\"async\" src=\"http:\/\/blog.klobas.de\/wp-content\/uploads\/2019\/images\/\/igel2.jpg\" alt=\"\"\/><\/figure>\n\n\n\n<h2 class=\"wp-block-heading\">Mai<\/h2>\n\n\n\n<p>Jetzt m\u00fcssten so ziemlich alle Igel wieder wach sein und k\u00f6nnen sich \ndie B\u00e4uche f\u00fcllen (falls es noch recht kalt ist, freuen sie sich \u00fcber \netwas Zusatzfutter).<\/p>\n\n\n\n<p>Gef\u00e4hrlich f\u00fcr den Igel sind jetzt die Gartenarbeiten mit  Tellersensen, Rasenm\u00e4hern, Sensen u.\u00e4. Igel mit blutenden oder  klaffenden Verletzungen sofort zu einem Tierarzt bringen. Igelstationen  sowie Privatpfleger sind hier machtlos.<\/p>\n\n\n\n<h2 class=\"wp-block-heading\">Juni <\/h2>\n\n\n\n<p>Es ist Paarungszeit. Hierbei wird das Weibchen oft stundenlang von \nihrem Verehrer umkreist, bis dieser erh\u00f6rt wird. Das Ganze nennt man \ndann &#8222;Igelkarussell&#8220;. Die Borsten k\u00f6nnen hierbei ziemlichen Krach im \nGarten verursachen. <br>Leider werden jetzt wieder vermehrt Igelm\u00e4nnchen \u00fcberfahren, weil sie auf &#8222;Begattungstour&#8220; sind. <br><strong>Angefahrene Igel immer zuerst zum Tierarzt!<\/strong><\/p>\n\n\n\n<p><br>Wenn Sie Igel in Ihrem Garten vermuten, bitte eine Wasserstelle einrichten (auch andere Tiere freuen sich dar\u00fcber).<\/p>\n\n\n\n<figure class=\"wp-block-image\"><img decoding=\"async\" src=\"http:\/\/blog.klobas.de\/wp-content\/uploads\/2019\/images\/\/igel-garten_klein.jpg\" alt=\"\"\/><\/figure>\n\n\n\n<h2 class=\"wp-block-heading\">Juli<\/h2>\n\n\n\n<p>Aufgefundene Igelwelpen in dem Fall sofort aufnehmen, warm halten und sofort in eine Igelstation bringen. <strong>Nichts f\u00fcttern!<\/strong>! Die Kleinen brauchen Spezialnahrung. <br><br>Wenn Sie Igel in Ihrem Garten vermuten, bitte eine Wasserstelle einrichten (auch andere Tiere freuen sich dar\u00fcber). <\/p>\n\n\n\n<h2 class=\"wp-block-heading\">August<\/h2>\n\n\n\n<p>Aber auch schon jetzt im August m\u00fcssen wir oft Hilfestellung leisten.\n Igelm\u00fctter, die nach der Geburt \u00fcberfahren oder von M\u00e4hmaschinen schwer\n verletzt oder gar get\u00f6tet werden, sowie solche, die zu schwach f\u00fcr die \nAufzucht der Jungen sind, m\u00fcssen durch den Mensch ersetzt werden. <br><br>Die\n Welpen ben\u00f6tigen eine spezielle Aufzuchtmilch, die je nach Alter der \nIgelchen alle 2 &#8211; 3 Stunden verabreicht werden muss. Leider auch in der \nNacht!&nbsp; Au\u00dferdem brauchen sie W\u00e4rme und regelm\u00e4\u00dfiges Toiletting, damit \ndie Verdauung funktioniert. <br>Dies alles kann kaum ein Laie \naufbringen. Daher bitte aufgefundene Igelwelpen warm halten und sich \nsofort mit einer Igelstation in Verbindung setzen.<br><br>Hier steht \nbereits alles Notwendige f\u00fcr die Neuank\u00f6mmlinge bereit. Auch wenn das \nf\u00fcr die n\u00e4chsten Wochen eine starke Einschr\u00e4nkung&nbsp; f\u00fcr die \n&#8222;Igelmenschen&#8220; bedeutet, so macht es doch auch immer wieder Freude, den \nKleinen beim Wachsen zuzusehen und mitzuhelfen. <br>Leichter wird es, \nwenn die Welpen 2 Wochen alt sind und die Augen und Ohren sich langsam \n\u00f6ffnen. Dann kann man auf die Nachtf\u00fctterung verzichten und die Igelchen\n langsam an die selbst\u00e4ndige Nahrungsaufnahme gew\u00f6hnen.<\/p>\n\n\n\n<p>Wenn sie dann Ende der 3. Woche ihre Z\u00e4hnchen bekommen, kann man die Aufzuchtmilch mit festerer Nahrung versetzen. <br><br>Sch\u00f6n  ist, wenn sie dann mit 6 &#8211; 7 Wochen selbst\u00e4ndige kleine Igel sind und  mit Zuf\u00fctterung wieder in die Natur entlassen werden k\u00f6nnen, denn so  machen es die Igelm\u00fctter auch. <br><br>Wenn Sie einem mutterlosen  Winzling helfen m\u00f6chten, dann informieren Sie sich bitte beim  Tierschutzverein oder im Igelkrankenhaus Bondorf. Wer einen Garten hat,  der nicht gerade an einer stark befahrenen Stra\u00dfe liegt, einen  Unterschlupf bieten kann und eine <br>Weile etwas Futter zur Verf\u00fcgung stellt, der w\u00e4re als Igelpate geradezu ideal! <br><br>Bei einer<strong> Welpensterblichkeitsrate von 80 %<\/strong> ist jede Hilfe mehr als willkommen!! <\/p>\n\n\n\n<figure class=\"wp-block-image\"><img decoding=\"async\" src=\"http:\/\/blog.klobas.de\/wp-content\/uploads\/2019\/images\/\/igel2011-2.jpg\" alt=\"\"\/><\/figure>\n\n\n\n<h2 class=\"wp-block-heading\">September<\/h2>\n\n\n\n<p>Welpen rufen nach der Mutter. Es klingt wie das Zwitschern eines Vogels. <br>Wenn die Igelmama nicht kommt, um ihn zu holen, dann m\u00fcssen diese Welpen aufgenommen werden. <br><br>Igelchen,\n deren Augen schon ge\u00f6ffnet sind, wackeln ab der 3. Lebenswoche auch mal\n f\u00fcr kurze Zeit alleine aus dem Nest &#8211; auch tags\u00fcber. Gehen aber recht \nbald wieder zur\u00fcck. Diese also nicht gleich schnappen und inhaftieren. <br><br>Wo\n ein Welpe aufgefunden wird, befindet sich meistens auch der Rest des \nWurfes in der N\u00e4he. Also bitte Geb\u00fcsch absuchen und auf &#8222;Hilferufe&#8220; der \nKleinen lauschen. Leider werden Igelm\u00fctter oft \u00fcberfahren oder sterben \nan Entkr\u00e4ftung, dann braucht der ganze Wurf unsere Hilfe. <br>Igelwelpen\n bleiben ca. 6-7 Wochen bei der Mutter und werden von ihr ges\u00e4ugt. \nDanach zerstreut sich der Wurf und muss f\u00fcr sich selber sorgen. <br>Oft bleiben 2 oder 3 Jungtiere noch eine Weile zusammen. <br><br><\/p>\n\n\n\n<figure class=\"wp-block-image\"><img decoding=\"async\" src=\"http:\/\/blog.klobas.de\/wp-content\/uploads\/2019\/images\/\/igelbaby2.jpg\" alt=\"\"\/><\/figure>\n\n\n\n<h2 class=\"wp-block-heading\">Oktober<\/h2>\n\n\n\n<p>\nWer Igel in seinem Garten vermutet, sollte regelm\u00e4\u00dfig etwas Futter \n(Katzennassfutter) anbieten, um dem Igel den Winterschlaf zu \nerleichtern. <\/p>\n\n\n\n<p>Je nach Region und Witterung suchen jetzt die erwachsenen Tiere bereits ihre Winterschlafnester auf. <br>Die  Jungigel m\u00fcssen noch kr\u00e4ftig futtern, um ihr &#8222;Kampfgewicht&#8220; von ca. 500  g (besser mehr), zu erreichen. Dies oft auch tags\u00fcber! <\/p>\n\n\n\n<figure class=\"wp-block-image\"><img decoding=\"async\" src=\"http:\/\/blog.klobas.de\/wp-content\/uploads\/2019\/images\/\/nochmaleiner_klein.jpg\" alt=\"\"\/><\/figure>\n\n\n\n<h2 class=\"wp-block-heading\">November<\/h2>\n\n\n\n<p> Da es jedes Jahr mehr kranke und schwache Igel zu betreuen gibt und die Igelstationen hoffnungslos \u00fcberf\u00fcllt sind, <strong>suchen wir dringend Tierfreunde, die Igel aufnehmen und \u00fcberwintern k\u00f6nnen. <\/strong><\/p>\n\n\n\n<h2 class=\"wp-block-heading\">Dezember<\/h2>\n\n\n\n<p>Da es jedes Jahr mehr kranke und schwache Igel zu betreuen gibt und die Igelstationen hoffnungslos \u00fcberf\u00fcllt sind, <strong>suchen wir dringend Tierfreunde, die Igel aufnehmen und \u00fcberwintern k\u00f6nnen. <\/strong><\/p>\n\n\n\n<p><br><strong>Es gibt hier verschiedene M\u00f6glichkeiten und wir beraten Sie hierzu gerne.<\/strong><\/p>\n\n\n\n<p><strong>Ihr IGELKRANKENHAUS<\/strong><br><strong>BONDORF <\/strong><br><strong>Telefon 07457\/8517<\/strong><\/p>\n","protected":false},"excerpt":{"rendered":"<p>Januar Die meisten Igel schlafen jetzt, so es die Temperaturen zulassen. Igelchen, die jetzt aufgefunden werden haben Probleme und sollten erst mal reingenommen und beobachtet werden. Bitte umgehend eine Beratung oder einen Tierarzt aufsuchen. Februar Ende des Monats sollte bei mildem Wetter drau\u00dfen wieder zugef\u00fcttert werden. Man f\u00e4ngt mit Trockenfutter an und wenn man sieht, &hellip; <\/p>\n<p class=\"link-more\"><a href=\"http:\/\/blog.klobas.de\/?page_id=70\" class=\"more-link\"><span class=\"screen-reader-text\">\u201eDas Igeljahr\u201c<\/span> weiterlesen<\/a><\/p>\n","protected":false},"author":1,"featured_media":0,"parent":0,"menu_order":0,"comment_status":"closed","ping_status":"closed","template":"","meta":{"footnotes":""},"_links":{"self":[{"href":"http:\/\/blog.klobas.de\/index.php?rest_route=\/wp\/v2\/pages\/70"}],"collection":[{"href":"http:\/\/blog.klobas.de\/index.php?rest_route=\/wp\/v2\/pages"}],"about":[{"href":"http:\/\/blog.klobas.de\/index.php?rest_route=\/wp\/v2\/types\/page"}],"author":[{"embeddable":true,"href":"http:\/\/blog.klobas.de\/index.php?rest_route=\/wp\/v2\/users\/1"}],"replies":[{"embeddable":true,"href":"http:\/\/blog.klobas.de\/index.php?rest_route=%2Fwp%2Fv2%2Fcomments&post=70"}],"version-history":[{"count":2,"href":"http:\/\/blog.klobas.de\/index.php?rest_route=\/wp\/v2\/pages\/70\/revisions"}],"predecessor-version":[{"id":72,"href":"http:\/\/blog.klobas.de\/index.php?rest_route=\/wp\/v2\/pages\/70\/revisions\/72"}],"wp:attachment":[{"href":"http:\/\/blog.klobas.de\/index.php?rest_route=%2Fwp%2Fv2%2Fmedia&parent=70"}],"curies":[{"name":"wp","href":"https:\/\/api.w.org\/{rel}","templated":true}]}}